{"id":100,"date":"2023-05-06T20:49:44","date_gmt":"2023-05-06T20:49:44","guid":{"rendered":"https:\/\/info.sot-agency.cz\/?page_id=100"},"modified":"2023-05-06T20:51:43","modified_gmt":"2023-05-06T20:51:43","slug":"gdpr","status":"publish","type":"page","link":"https:\/\/sot-agency.cz\/?page_id=100","title":{"rendered":"GDPR"},"content":{"rendered":"<p>[et_pb_section fb_built=&#8220;1&#8243; _builder_version=&#8220;4.10.2&#8243; _module_preset=&#8220;default&#8220;][et_pb_row _builder_version=&#8220;4.10.2&#8243; _module_preset=&#8220;default&#8220;][et_pb_column _builder_version=&#8220;4.10.2&#8243; _module_preset=&#8220;default&#8220; type=&#8220;4_4&#8243;][et_pb_text _builder_version=&#8220;4.10.2&#8243; _module_preset=&#8220;default&#8220; hover_enabled=&#8220;0&#8243; sticky_enabled=&#8220;0&#8243;]<\/p>\n<div title=\"Page 1\">\n<div>\n<div>\n<p><strong>Informace o zpracov\u00e1n\u00ed osobn\u00edch \u00fadaj\u016f z\u00e1kazn\u00edk\u016f u spole\u010dnosti Sot Agency, s. r. o.<\/strong><\/p>\n<p>Prohl\u00e1\u0161en\u00ed o zpracov\u00e1n\u00ed osobn\u00edch \u00fadaj\u016f dle na\u0159\u00edzen\u00ed Evropsk\u00e9ho parlamentu a Rady (EU) 2016\/679 o ochran\u011b fyzick\u00fdch osob v souvislosti se zpracov\u00e1n\u00edm osobn\u00edch \u00fadaj\u016f a pou\u010den\u00ed subjekt\u016f \u00fadaj\u016f (d\u00e1le jen \u201eGDPR\u201c) \u2013 v souladu s \u010dl.12 a \u010dl.13 GDPR v\u00e1s spole\u010dnost informuje o zpracov\u00e1n\u00ed Va\u0161ich osobn\u00edch \u00fadaj\u016f a o Va\u0161ich pr\u00e1vech.<\/p>\n<p><strong>1. Spr\u00e1vce osobn\u00edch \u00fadaj\u016f<\/strong><\/p>\n<p>Spole\u010dnost\u00a0Sot Agency, s.r.o., Lannova 2061\/8, 110 00 Praha 1 \u2013 Nov\u00e9 M\u011bsto I\u010c:\u00a006527744, DI\u010c: CZ06527744<\/p>\n<p>Zaps\u00e1na u M\u011bstsk\u00e9ho soudu v Praze, odd\u00edl C, vlo\u017eka\u00a0\u00a0283674<\/p>\n<p><strong>2. Rozsah zpracov\u00e1n\u00ed osobn\u00edch \u00fadaj\u016f<\/strong><\/p>\n<p>Osobn\u00ed \u00fadaje jsou zpracov\u00e1ny v rozsahu, v jak\u00e9m je p\u0159\u00edslu\u0161n\u00fd subjekt \u00fadaj\u016f spr\u00e1vci poskytl, a to v souvislosti s uzav\u0159en\u00edm smluvn\u00edho \u010di jin\u00e9ho pr\u00e1vn\u00edho vztahu se spr\u00e1vcem, nebo kter\u00e9 spr\u00e1vce shrom\u00e1\u017edil jinak a zpracov\u00e1v\u00e1 je v souladu s platn\u00fdmi pr\u00e1vn\u00edmi p\u0159edpisy \u010di k pln\u011bn\u00ed z\u00e1konn\u00fdch povinnost\u00ed spr\u00e1vce.<\/p>\n<p><strong>3. Zdroje osobn\u00edch \u00fadaj\u016f<\/strong><\/p>\n<ul>\n<li>p\u0159\u00edmo od subjekt\u016f \u00fadaj\u016f (uzav\u0159en\u00ed smlouvy nebo objedn\u00e1vky)<\/li>\n<li>p\u0159\u00edmo od subjekt\u016f \u00fadaj\u016f \u2013 popt\u00e1vky na syst\u00e9my a slu\u017eby \u2013 jedn\u00e1n\u00ed, vizitky, e-mailov\u00e9 popt\u00e1vky<\/li>\n<li>dodate\u010dn\u011b od subjekt\u016f \u00fadaj\u016f \u2013 \u00fadaje v p\u0159ipojovac\u00edm protokolu slu\u017eby PCO a jeho aktualizaci<\/li>\n<li>ve\u0159ejn\u011b p\u0159\u00edstupn\u00e9 rejst\u0159\u00edky, seznamy a evidence (nap\u0159. obchodn\u00ed rejst\u0159\u00edk, \u017eivnostensk\u00fd rejst\u0159\u00edk, katastr nemovitost\u00ed, ve\u0159ejn\u00fd telefonn\u00ed seznam apod.)<\/li>\n<li>CCTV \u2013 bezpe\u010dnostn\u00ed kamerov\u00fd syst\u00e9m na objektu spr\u00e1vce osobn\u00edch \u00fadaj\u016f<\/li>\n<\/ul>\n<p><strong>4. Kategorie osobn\u00edch \u00fadaj\u016f, kter\u00e9 jsou p\u0159edm\u011btem zpracov\u00e1n\u00ed<\/strong><\/p>\n<ul>\n<li>adresn\u00ed a identifika\u010dn\u00ed \u00fadaje slou\u017e\u00edc\u00ed k jednozna\u010dn\u00e9 a nezam\u011bniteln\u00e9 identifikaci subjektu \u00fadaj\u016f (nap\u0159. jm\u00e9no, p\u0159\u00edjmen\u00ed, titul, adresa trval\u00e9ho pobytu, I\u010c, DI\u010c)<\/li>\n<li>\u00fadaje umo\u017e\u0148uj\u00edc\u00ed kontakt se subjektem \u00fadaj\u016f (kontaktn\u00ed \u00fadaje \u2013 nap\u0159. kontaktn\u00ed adresa, \u010d\u00edslo telefonu, \u010d\u00edslo faxu, e-mailov\u00e1 adresa a jin\u00e9 obdobn\u00e9 informace)<\/li>\n<li>ekonomick\u00e9 \u00fadaje (nap\u0159. bankovn\u00ed spojen\u00ed, splatnost)<\/li>\n<li>dal\u0161\u00ed \u00fadaje nezbytn\u00e9 pro pln\u011bn\u00ed smlouvy<\/li>\n<li>z\u00e1znamy z bezpe\u010dnostn\u00edch kamer<\/li>\n<\/ul>\n<\/div>\n<\/div>\n<\/div>\n<div title=\"Page 2\">\n<div>\n<div>\n<p><strong>5. Kategorie subjekt\u016f \u00fadaj\u016f<\/strong><\/p>\n<ul>\n<li>zam\u011bstnanec spr\u00e1vce<\/li>\n<li>z\u00e1kazn\u00edk, kter\u00fd popt\u00e1v\u00e1 nebo objedn\u00e1v\u00e1 dod\u00e1vky a slu\u017eby<\/li>\n<li>dodavatel slu\u017eby bezpe\u010dnostn\u00edho z\u00e1sahu v lokalit\u011b subjektu \u00fadaj\u016f (pokud je to fyz. osoba)<\/li>\n<li>jin\u00e1 osoba, kter\u00e1 je ve smluvn\u00edm vztahu ke spr\u00e1vci \u2013 nap\u0159. \u00fa\u010detn\u00ed, revizn\u00ed technik<\/li>\n<li>uchaze\u010d o zam\u011bstn\u00e1n\u00ed<\/li>\n<\/ul>\n<p><strong>6. Kategorie p\u0159\u00edjemc\u016f osobn\u00edch \u00fadaj\u016f<\/strong><\/p>\n<ul>\n<li>spr\u00e1vce a zpracovatel osobn\u00edch \u00fadaj\u016f \u2013 jeho zam\u011bstnanci<\/li>\n<li>subdodavatel\u00e9 spr\u00e1vce osobn\u00edch \u00fadaj\u016f \u2013 zejm\u00e9na instala\u010dn\u00edch, servisn\u00edch a projek\u010dn\u00edch prac\u00ed,\u00a0\u00fa\u010detn\u00ed a auditorsk\u00e9 spole\u010dnosti<\/li>\n<li>finan\u010dn\u00ed \u00fastavy<\/li>\n<li>st\u00e1tn\u00ed aj. org\u00e1ny v r\u00e1mci pln\u011bn\u00ed z\u00e1konn\u00fdch povinnost\u00ed stanoven\u00fdch p\u0159\u00edslu\u0161n\u00fdmi pr\u00e1vn\u00edmi p\u0159edpisy \u2022 dal\u0161\u00ed p\u0159\u00edjemci \u2013 dodavatel\u00e9 slu\u017eby bezpe\u010dnostn\u00edho z\u00e1sahu<\/li>\n<li>osobn\u00ed \u00fadaje nebudou p\u0159ed\u00e1v\u00e1ny do t\u0159et\u00ed zem\u011b<\/li>\n<\/ul>\n<p><strong>7. \u00da\u010del zpracov\u00e1n\u00ed osobn\u00edch \u00fadaj\u016f<\/strong><\/p>\n<ul>\n<li>\u00fa\u010dely obsa\u017een\u00e9 v r\u00e1mci souhlasu subjektu \u00fadaj\u016f<\/li>\n<li>jedn\u00e1n\u00ed o smluvn\u00edm vztahu<\/li>\n<li>pln\u011bn\u00ed smlouvy<\/li>\n<li>ochrana pr\u00e1v spr\u00e1vce, p\u0159\u00edjemce nebo jin\u00fdch dot\u010den\u00fdch osob (nap\u0159. vym\u00e1h\u00e1n\u00ed pohled\u00e1vek spr\u00e1vce)<\/li>\n<li>archivnictv\u00ed veden\u00e9 na z\u00e1klad\u011b z\u00e1kona<\/li>\n<li>v\u00fdb\u011brov\u00e1 \u0159\u00edzen\u00ed na voln\u00e1 pracovn\u00ed m\u00edsta<\/li>\n<li>pln\u011bn\u00ed z\u00e1konn\u00fdch povinnost\u00ed ze strany spr\u00e1vce<\/li>\n<li>ochrana \u017eivotn\u011b d\u016fle\u017eit\u00fdch z\u00e1jm\u016f subjektu \u00fadaj\u016f<\/li>\n<\/ul>\n<p><strong>8. Zp\u016fsob zpracov\u00e1n\u00ed a ochrany osobn\u00edch \u00fadaj\u016f<\/strong><\/p>\n<p>Zpracov\u00e1n\u00ed osobn\u00edch \u00fadaj\u016f prov\u00e1d\u00ed spr\u00e1vce. Zpracov\u00e1n\u00ed je prov\u00e1d\u011bno v jeho provozovn\u00e1ch, pobo\u010dk\u00e1ch a s\u00eddle spr\u00e1vce jednotliv\u00fdmi pov\u011b\u0159en\u00fdmi zam\u011bstnanci spr\u00e1vce, p\u0159\u00edp. zpracovatelem. Ke zpracov\u00e1n\u00ed doch\u00e1z\u00ed prost\u0159ednictv\u00edm v\u00fdpo\u010detn\u00ed techniky, pop\u0159. i manu\u00e1ln\u00edm zp\u016fsobem u osobn\u00edch \u00fadaj\u016f v listinn\u00e9 podob\u011b za dodr\u017een\u00ed v\u0161ech bezpe\u010dnostn\u00edch z\u00e1sad pro spr\u00e1vu a zpracov\u00e1n\u00ed osobn\u00edch \u00fadaj\u016f. Za t\u00edmto \u00fa\u010delem p\u0159ijal spr\u00e1vce technickoorganiza\u010dn\u00ed opat\u0159en\u00ed k zaji\u0161t\u011bn\u00ed ochrany osobn\u00edch \u00fadaj\u016f, zejm\u00e9na opat\u0159en\u00ed, aby nemohlo doj\u00edt k neopr\u00e1vn\u011bn\u00e9mu nebo nahodil\u00e9mu p\u0159\u00edstupu k osobn\u00edm \u00fadaj\u016fm, jejich zm\u011bn\u011b, zni\u010den\u00ed \u010di ztr\u00e1t\u011b, neopr\u00e1vn\u011bn\u00fdm p\u0159enos\u016fm, k jejich neopr\u00e1vn\u011bn\u00e9mu zpracov\u00e1n\u00ed, jako\u017e i k jin\u00e9mu zneu\u017eit\u00ed osobn\u00edch \u00fadaj\u016f. Ve\u0161ker\u00e9 subjekty, kter\u00fdm mohou b\u00fdt osobn\u00ed \u00fadaje zp\u0159\u00edstupn\u011bny, respektuj\u00ed pr\u00e1vo subjekt\u016f \u00fadaj\u016f na ochranu soukrom\u00ed a jsou povinny postupovat dle platn\u00fdch pr\u00e1vn\u00edch p\u0159edpis\u016f t\u00fdkaj\u00edc\u00edch se ochrany osobn\u00edch \u00fadaj\u016f.<\/p>\n<p>Nedoch\u00e1z\u00ed k automatizovan\u00e9mu rozhodov\u00e1n\u00ed, v\u010detn\u011b profilov\u00e1n\u00ed, uveden\u00e9mu v \u010dl. 22 odst. 1 a 4.<\/p>\n<\/div>\n<\/div>\n<\/div>\n<div title=\"Page 3\">\n<div>\n<div>\n<p><strong>9. Doba zpracov\u00e1n\u00ed osobn\u00edch \u00fadaj\u016f<\/strong><\/p>\n<p>V souladu se lh\u016ftami uveden\u00fdmi v p\u0159\u00edslu\u0161n\u00fdch smlouv\u00e1ch, ve spisov\u00e9m a skarta\u010dn\u00edm \u0159\u00e1du spr\u00e1vce \u010di v p\u0159\u00edslu\u0161n\u00fdch pr\u00e1vn\u00edch p\u0159edpisech. Jde o dobu nezbytn\u011b nutnou k zaji\u0161t\u011bn\u00ed pr\u00e1v a povinnost\u00ed plynouc\u00edch jak ze z\u00e1vazkov\u00e9ho vztahu, tak i z p\u0159\u00edslu\u0161n\u00fdch pr\u00e1vn\u00edch p\u0159edpis\u016f.<\/p>\n<p><strong>10. Pou\u010den\u00ed<\/strong><\/p>\n<p>Spr\u00e1vce zpracov\u00e1v\u00e1 \u00fadaje se souhlasem subjektu \u00fadaj\u016f s v\u00fdjimkou z\u00e1konem stanoven\u00fdch p\u0159\u00edpad\u016f, kdy zpracov\u00e1n\u00ed osobn\u00edch \u00fadaj\u016f nevy\u017eaduje souhlas subjektu \u00fadaj\u016f.<\/p>\n<p>V souladu se \u010dl. 6 odst. 1 GDPR m\u016f\u017ee spr\u00e1vce bez souhlasu subjektu \u00fadaj\u016f zpracov\u00e1vat tyto \u00fadaje:<\/p>\n<ul>\n<li>subjekt \u00fadaj\u016f ud\u011blil souhlas pro jeden \u010di v\u00edce konkr\u00e9tn\u00edch \u00fa\u010del\u016f,<\/li>\n<li>zpracov\u00e1n\u00ed je nezbytn\u00e9 pro spln\u011bn\u00ed smlouvy, jej\u00ed\u017e smluvn\u00ed stranou je subjekt \u00fadaj\u016f, nebo pro proveden\u00ed opat\u0159en\u00ed p\u0159ijat\u00fdch p\u0159ed uzav\u0159en\u00edm smlouvy na \u017e\u00e1dost tohoto subjektu \u00fadaj\u016f<\/li>\n<li>zpracov\u00e1n\u00ed je nezbytn\u00e9 pro spln\u011bn\u00ed pr\u00e1vn\u00ed povinnosti, kter\u00e1 se na spr\u00e1vce vztahuje<\/li>\n<li>zpracov\u00e1n\u00ed je nezbytn\u00e9 pro ochranu \u017eivotn\u011b d\u016fle\u017eit\u00fdch z\u00e1jm\u016f subjektu \u00fadaj\u016f nebo jin\u00e9 fyzick\u00e9 osoby<\/li>\n<li>zpracov\u00e1n\u00ed je nezbytn\u00e9 pro spln\u011bn\u00ed \u00fakolu prov\u00e1d\u011bn\u00e9ho ve ve\u0159ejn\u00e9m z\u00e1jmu nebo p\u0159i v\u00fdkonu ve\u0159ejn\u00e9 moci, kter\u00fdm je pov\u011b\u0159en spr\u00e1vce<\/li>\n<li>zpracov\u00e1n\u00ed je nezbytn\u00e9 pro \u00fa\u010dely opr\u00e1vn\u011bn\u00fdch z\u00e1jm\u016f p\u0159\u00edslu\u0161n\u00e9ho spr\u00e1vce \u010di t\u0159et\u00ed strany, krom\u011b p\u0159\u00edpad\u016f, kdy p\u0159ed t\u011bmito z\u00e1jmy maj\u00ed p\u0159ednost z\u00e1jmy nebo z\u00e1kladn\u00ed pr\u00e1va a svobody subjektu \u00fadaj\u016f vy\u017eaduj\u00edc\u00ed ochranu osobn\u00edch \u00fadaj\u016f<\/li>\n<\/ul>\n<p><strong>11. Pr\u00e1va subjekt\u016f \u00fadaj\u016f<\/strong><\/p>\n<ol>\n<li>V souladu se \u010dl. 12 a 13 GDPR informuje spr\u00e1vce na \u017e\u00e1dost subjektu \u00fadaj\u016f subjekt \u00fadaj\u016f o pr\u00e1vu na p\u0159\u00edstup k osobn\u00edm \u00fadaj\u016fm a k n\u00e1sleduj\u00edc\u00edm informac\u00edm:<\/li>\n<\/ol>\n<ul>\n<li>\u00fa\u010delu zpracov\u00e1n\u00ed,<\/li>\n<li>kategorii dot\u010den\u00fdch osobn\u00edch \u00fadaj\u016f<\/li>\n<li>p\u0159\u00edjemci nebo kategorie p\u0159\u00edjemc\u016f, kter\u00fdm osobn\u00ed \u00fadaje byly nebo budou zp\u0159\u00edstupn\u011bny<\/li>\n<li>pl\u00e1novan\u00e9 dob\u011b, po kterou budou osobn\u00ed \u00fadaje ulo\u017eeny<\/li>\n<li>ve\u0161ker\u00e9 dostupn\u00e9 informace o zdroji osobn\u00edch \u00fadaj\u016f<\/li>\n<li>pokud nejsou z\u00edsk\u00e1ny od subjektu \u00fadaj\u016f, skute\u010dnosti, zda doch\u00e1z\u00ed k automatizovan\u00e9mu rozhodov\u00e1n\u00ed, v\u010detn\u011b profilov\u00e1n\u00ed<\/li>\n<li>existence pr\u00e1va odvolat kdykoli souhlas, ani\u017e je t\u00edm dot\u010dena z\u00e1konnost zpracov\u00e1n\u00ed zalo\u017een\u00e1 na souhlasu ud\u011blen\u00e9m p\u0159ed jeho odvol\u00e1n\u00edm<\/li>\n<\/ul>\n<p>2. Ka\u017ed\u00fd subjekt \u00fadaj\u016f, kter\u00fd zjist\u00ed nebo se domn\u00edv\u00e1, \u017ee spr\u00e1vce nebo zpracovatel prov\u00e1d\u00ed zpracov\u00e1n\u00ed jeho osobn\u00edch \u00fadaj\u016f, kter\u00e9 je v rozporu s ochranou soukrom\u00e9ho a osobn\u00edho \u017eivota subjektu \u00fadaj\u016f nebo v rozporu se z\u00e1konem, zejm\u00e9na jsou-li osobn\u00ed \u00fadaje nep\u0159esn\u00e9 s ohledem na \u00fa\u010del jejich zpracov\u00e1n\u00ed, m\u016f\u017ee<\/p>\n<ul>\n<li>po\u017e\u00e1dat spr\u00e1vce o vysv\u011btlen\u00ed<\/li>\n<li>po\u017eadovat, aby spr\u00e1vce odstranil takto vznikl\u00fd stav. Zejm\u00e9na se m\u016f\u017ee jednat o blokov\u00e1n\u00ed, proveden\u00ed opravy, dopln\u011bn\u00ed nebo vymaz\u00e1n\u00ed osobn\u00edch \u00fadaj\u016f<\/li>\n<li>je-li \u017e\u00e1dost subjektu \u00fadaj\u016f podle odstavce 1 shled\u00e1na opr\u00e1vn\u011bnou, spr\u00e1vce odstran\u00ed neprodlen\u011b z\u00e1vadn\u00fd stav<\/li>\n<li>nevyhov\u00ed-li spr\u00e1vce \u017e\u00e1dosti subjektu \u00fadaj\u016f podle odstavce 1, m\u00e1 subjekt \u00fadaj\u016f pr\u00e1vo obr\u00e1tit se p\u0159\u00edmo na dozorov\u00fd \u00fa\u0159ad, tedy \u00da\u0159ad na ochranu osobn\u00edch \u00fadaj\u016f<\/li>\n<li>postup podle odstavce 1 nevylu\u010duje, aby se subjekt \u00fadaj\u016f obr\u00e1til se sv\u00fdm podn\u011btem na dozorov\u00fd \u00fa\u0159ad p\u0159\u00edmo<\/li>\n<li>spr\u00e1vce m\u00e1 pr\u00e1vo za poskytnut\u00ed informace po\u017eadovat p\u0159im\u011b\u0159enou \u00fahradu nep\u0159evy\u0161uj\u00edc\u00ed n\u00e1klady nezbytn\u00e9 na poskytnut\u00ed informace<\/li>\n<li>odm\u00edtnut\u00ed souhlasu nebi zru\u0161en\u00ed souhlasu na zpracov\u00e1n\u00ed osobn\u00edch \u00fadaj\u016f, m\u016f\u017ee v\u00e9st k ukon\u010den\u00ed smlouvy na slu\u017eby dod\u00e1vky nebo slu\u017eby PCO pro subjekt osobn\u00edch \u00fadaj\u016f \u2013 o tomto bude v z\u00e1konn\u00e9 lh\u016ft\u011b informov\u00e1n<\/li>\n<\/ul>\n<\/div>\n<\/div>\n<\/div>\n<div title=\"Page 4\">\n<div>\n<div>\n<p>Tato informace je ve\u0159ejn\u011b p\u0159\u00edstupn\u00e1 na internetov\u00fdch str\u00e1nk\u00e1ch spr\u00e1vce.<\/p>\n<p>Revize ze dne: 1. 6. 2018<\/p>\n<\/div>\n<\/div>\n<\/div>\n<p>[\/et_pb_text][\/et_pb_column][\/et_pb_row][\/et_pb_section]<\/p>\n","protected":false},"excerpt":{"rendered":"<p>Informace o zpracov\u00e1n\u00ed osobn\u00edch \u00fadaj\u016f z\u00e1kazn\u00edk\u016f u spole\u010dnosti Sot Agency, s. r. o. Prohl\u00e1\u0161en\u00ed o zpracov\u00e1n\u00ed osobn\u00edch \u00fadaj\u016f dle na\u0159\u00edzen\u00ed Evropsk\u00e9ho parlamentu a Rady (EU) 2016\/679 o ochran\u011b fyzick\u00fdch osob v souvislosti se zpracov\u00e1n\u00edm osobn\u00edch \u00fadaj\u016f a pou\u010den\u00ed subjekt\u016f \u00fadaj\u016f (d\u00e1le jen \u201eGDPR\u201c) \u2013 v souladu s \u010dl.12 a \u010dl.13 GDPR v\u00e1s spole\u010dnost informuje o [&hellip;]<\/p>\n","protected":false},"author":1,"featured_media":0,"parent":0,"menu_order":0,"comment_status":"closed","ping_status":"closed","template":"","meta":{"_et_pb_use_builder":"on","_et_pb_old_content":"","_et_gb_content_width":"","footnotes":""},"class_list":["post-100","page","type-page","status-publish","hentry"],"yoast_head":"<!-- This site is optimized with the Yoast SEO plugin v20.7 - https:\/\/yoast.com\/wordpress\/plugins\/seo\/ -->\n<title>GDPR - SOT AGENCY<\/title>\n<meta name=\"robots\" content=\"index, follow, max-snippet:-1, max-image-preview:large, max-video-preview:-1\" \/>\n<link rel=\"canonical\" href=\"https:\/\/sot-agency.cz\/?page_id=100\" \/>\n<meta property=\"og:locale\" content=\"cs_CZ\" \/>\n<meta property=\"og:type\" content=\"article\" \/>\n<meta property=\"og:title\" content=\"GDPR - SOT AGENCY\" \/>\n<meta property=\"og:description\" content=\"Informace o zpracov\u00e1n\u00ed osobn\u00edch \u00fadaj\u016f z\u00e1kazn\u00edk\u016f u spole\u010dnosti Sot Agency, s. r. o. Prohl\u00e1\u0161en\u00ed o zpracov\u00e1n\u00ed osobn\u00edch \u00fadaj\u016f dle na\u0159\u00edzen\u00ed Evropsk\u00e9ho parlamentu a Rady (EU) 2016\/679 o ochran\u011b fyzick\u00fdch osob v souvislosti se zpracov\u00e1n\u00edm osobn\u00edch \u00fadaj\u016f a pou\u010den\u00ed subjekt\u016f \u00fadaj\u016f (d\u00e1le jen \u201eGDPR\u201c) \u2013 v souladu s \u010dl.12 a \u010dl.13 GDPR v\u00e1s spole\u010dnost informuje o [&hellip;]\" \/>\n<meta property=\"og:url\" content=\"https:\/\/sot-agency.cz\/?page_id=100\" \/>\n<meta property=\"og:site_name\" content=\"SOT AGENCY\" \/>\n<meta property=\"article:publisher\" content=\"https:\/\/www.facebook.com\/profile.php?id=100090887411131\" \/>\n<meta property=\"article:modified_time\" content=\"2023-05-06T20:51:43+00:00\" \/>\n<meta property=\"og:image\" content=\"https:\/\/sot-agency.cz\/wp-content\/uploads\/2023\/05\/cctv-security-online-camera-with-house-plan-1-scaled.jpg\" \/>\n\t<meta property=\"og:image:width\" content=\"2560\" \/>\n\t<meta property=\"og:image:height\" content=\"1708\" \/>\n\t<meta property=\"og:image:type\" content=\"image\/jpeg\" \/>\n<meta name=\"twitter:card\" content=\"summary_large_image\" \/>\n<meta name=\"twitter:label1\" content=\"Odhadovan\u00e1 doba \u010dten\u00ed\" \/>\n\t<meta name=\"twitter:data1\" content=\"8 minut\" \/>\n<script type=\"application\/ld+json\" class=\"yoast-schema-graph\">{\"@context\":\"https:\/\/schema.org\",\"@graph\":[{\"@type\":\"WebPage\",\"@id\":\"https:\/\/sot-agency.cz\/?page_id=100\",\"url\":\"https:\/\/sot-agency.cz\/?page_id=100\",\"name\":\"GDPR - SOT AGENCY\",\"isPartOf\":{\"@id\":\"https:\/\/sot-agency.cz\/#website\"},\"datePublished\":\"2023-05-06T20:49:44+00:00\",\"dateModified\":\"2023-05-06T20:51:43+00:00\",\"breadcrumb\":{\"@id\":\"https:\/\/sot-agency.cz\/?page_id=100#breadcrumb\"},\"inLanguage\":\"cs\",\"potentialAction\":[{\"@type\":\"ReadAction\",\"target\":[\"https:\/\/sot-agency.cz\/?page_id=100\"]}]},{\"@type\":\"BreadcrumbList\",\"@id\":\"https:\/\/sot-agency.cz\/?page_id=100#breadcrumb\",\"itemListElement\":[{\"@type\":\"ListItem\",\"position\":1,\"name\":\"Dom\u016f\",\"item\":\"https:\/\/sot-agency.cz\/\"},{\"@type\":\"ListItem\",\"position\":2,\"name\":\"GDPR\"}]},{\"@type\":\"WebSite\",\"@id\":\"https:\/\/sot-agency.cz\/#website\",\"url\":\"https:\/\/sot-agency.cz\/\",\"name\":\"SOT AGENCY\",\"description\":\"bezpe\u010dnostn\u00ed agentura\",\"publisher\":{\"@id\":\"https:\/\/sot-agency.cz\/#organization\"},\"potentialAction\":[{\"@type\":\"SearchAction\",\"target\":{\"@type\":\"EntryPoint\",\"urlTemplate\":\"https:\/\/sot-agency.cz\/?s={search_term_string}\"},\"query-input\":\"required name=search_term_string\"}],\"inLanguage\":\"cs\"},{\"@type\":\"Organization\",\"@id\":\"https:\/\/sot-agency.cz\/#organization\",\"name\":\"SOT AGENCY s.r.o.\",\"url\":\"https:\/\/sot-agency.cz\/\",\"logo\":{\"@type\":\"ImageObject\",\"inLanguage\":\"cs\",\"@id\":\"https:\/\/sot-agency.cz\/#\/schema\/logo\/image\/\",\"url\":\"https:\/\/sot-agency.cz\/wp-content\/uploads\/2023\/05\/cropped-LOGO-SOT-SECURITY_cernobile_plasticke.png\",\"contentUrl\":\"https:\/\/sot-agency.cz\/wp-content\/uploads\/2023\/05\/cropped-LOGO-SOT-SECURITY_cernobile_plasticke.png\",\"width\":512,\"height\":512,\"caption\":\"SOT AGENCY s.r.o.\"},\"image\":{\"@id\":\"https:\/\/sot-agency.cz\/#\/schema\/logo\/image\/\"},\"sameAs\":[\"https:\/\/www.facebook.com\/profile.php?id=100090887411131\"]}]}<\/script>\n<!-- \/ Yoast SEO plugin. -->","yoast_head_json":{"title":"GDPR - SOT AGENCY","robots":{"index":"index","follow":"follow","max-snippet":"max-snippet:-1","max-image-preview":"max-image-preview:large","max-video-preview":"max-video-preview:-1"},"canonical":"https:\/\/sot-agency.cz\/?page_id=100","og_locale":"cs_CZ","og_type":"article","og_title":"GDPR - SOT AGENCY","og_description":"Informace o zpracov\u00e1n\u00ed osobn\u00edch \u00fadaj\u016f z\u00e1kazn\u00edk\u016f u spole\u010dnosti Sot Agency, s. r. o. Prohl\u00e1\u0161en\u00ed o zpracov\u00e1n\u00ed osobn\u00edch \u00fadaj\u016f dle na\u0159\u00edzen\u00ed Evropsk\u00e9ho parlamentu a Rady (EU) 2016\/679 o ochran\u011b fyzick\u00fdch osob v souvislosti se zpracov\u00e1n\u00edm osobn\u00edch \u00fadaj\u016f a pou\u010den\u00ed subjekt\u016f \u00fadaj\u016f (d\u00e1le jen \u201eGDPR\u201c) \u2013 v souladu s \u010dl.12 a \u010dl.13 GDPR v\u00e1s spole\u010dnost informuje o [&hellip;]","og_url":"https:\/\/sot-agency.cz\/?page_id=100","og_site_name":"SOT AGENCY","article_publisher":"https:\/\/www.facebook.com\/profile.php?id=100090887411131","article_modified_time":"2023-05-06T20:51:43+00:00","og_image":[{"width":2560,"height":1708,"url":"https:\/\/sot-agency.cz\/wp-content\/uploads\/2023\/05\/cctv-security-online-camera-with-house-plan-1-scaled.jpg","type":"image\/jpeg"}],"twitter_card":"summary_large_image","twitter_misc":{"Odhadovan\u00e1 doba \u010dten\u00ed":"8 minut"},"schema":{"@context":"https:\/\/schema.org","@graph":[{"@type":"WebPage","@id":"https:\/\/sot-agency.cz\/?page_id=100","url":"https:\/\/sot-agency.cz\/?page_id=100","name":"GDPR - SOT AGENCY","isPartOf":{"@id":"https:\/\/sot-agency.cz\/#website"},"datePublished":"2023-05-06T20:49:44+00:00","dateModified":"2023-05-06T20:51:43+00:00","breadcrumb":{"@id":"https:\/\/sot-agency.cz\/?page_id=100#breadcrumb"},"inLanguage":"cs","potentialAction":[{"@type":"ReadAction","target":["https:\/\/sot-agency.cz\/?page_id=100"]}]},{"@type":"BreadcrumbList","@id":"https:\/\/sot-agency.cz\/?page_id=100#breadcrumb","itemListElement":[{"@type":"ListItem","position":1,"name":"Dom\u016f","item":"https:\/\/sot-agency.cz\/"},{"@type":"ListItem","position":2,"name":"GDPR"}]},{"@type":"WebSite","@id":"https:\/\/sot-agency.cz\/#website","url":"https:\/\/sot-agency.cz\/","name":"SOT AGENCY","description":"bezpe\u010dnostn\u00ed agentura","publisher":{"@id":"https:\/\/sot-agency.cz\/#organization"},"potentialAction":[{"@type":"SearchAction","target":{"@type":"EntryPoint","urlTemplate":"https:\/\/sot-agency.cz\/?s={search_term_string}"},"query-input":"required name=search_term_string"}],"inLanguage":"cs"},{"@type":"Organization","@id":"https:\/\/sot-agency.cz\/#organization","name":"SOT AGENCY s.r.o.","url":"https:\/\/sot-agency.cz\/","logo":{"@type":"ImageObject","inLanguage":"cs","@id":"https:\/\/sot-agency.cz\/#\/schema\/logo\/image\/","url":"https:\/\/sot-agency.cz\/wp-content\/uploads\/2023\/05\/cropped-LOGO-SOT-SECURITY_cernobile_plasticke.png","contentUrl":"https:\/\/sot-agency.cz\/wp-content\/uploads\/2023\/05\/cropped-LOGO-SOT-SECURITY_cernobile_plasticke.png","width":512,"height":512,"caption":"SOT AGENCY s.r.o."},"image":{"@id":"https:\/\/sot-agency.cz\/#\/schema\/logo\/image\/"},"sameAs":["https:\/\/www.facebook.com\/profile.php?id=100090887411131"]}]}},"_links":{"self":[{"href":"https:\/\/sot-agency.cz\/index.php?rest_route=\/wp\/v2\/pages\/100","targetHints":{"allow":["GET"]}}],"collection":[{"href":"https:\/\/sot-agency.cz\/index.php?rest_route=\/wp\/v2\/pages"}],"about":[{"href":"https:\/\/sot-agency.cz\/index.php?rest_route=\/wp\/v2\/types\/page"}],"author":[{"embeddable":true,"href":"https:\/\/sot-agency.cz\/index.php?rest_route=\/wp\/v2\/users\/1"}],"replies":[{"embeddable":true,"href":"https:\/\/sot-agency.cz\/index.php?rest_route=%2Fwp%2Fv2%2Fcomments&post=100"}],"version-history":[{"count":3,"href":"https:\/\/sot-agency.cz\/index.php?rest_route=\/wp\/v2\/pages\/100\/revisions"}],"predecessor-version":[{"id":103,"href":"https:\/\/sot-agency.cz\/index.php?rest_route=\/wp\/v2\/pages\/100\/revisions\/103"}],"wp:attachment":[{"href":"https:\/\/sot-agency.cz\/index.php?rest_route=%2Fwp%2Fv2%2Fmedia&parent=100"}],"curies":[{"name":"wp","href":"https:\/\/api.w.org\/{rel}","templated":true}]}}