{"id":123,"date":"2023-05-09T13:07:01","date_gmt":"2023-05-09T13:07:01","guid":{"rendered":"https:\/\/info.sot-agency.cz\/?page_id=123"},"modified":"2023-05-09T15:04:00","modified_gmt":"2023-05-09T15:04:00","slug":"sprava-budov","status":"publish","type":"page","link":"https:\/\/sot-agency.cz\/?page_id=123","title":{"rendered":"Spr\u00e1va budov"},"content":{"rendered":"<p>[et_pb_section fb_built=&#8220;1&#8243; _builder_version=&#8220;4.10.2&#8243; _module_preset=&#8220;default&#8220; global_colors_info=&#8220;{}&#8220;][et_pb_row column_structure=&#8220;1_2,1_2&#8243; _builder_version=&#8220;4.10.2&#8243; _module_preset=&#8220;default&#8220; global_colors_info=&#8220;{}&#8220;][et_pb_column type=&#8220;1_2&#8243; _builder_version=&#8220;4.10.2&#8243; _module_preset=&#8220;default&#8220; global_colors_info=&#8220;{}&#8220;][et_pb_image src=&#8220;http:\/\/sot-agency.cz\/wp-content\/uploads\/2023\/05\/blinds-5928692_1920-1024&#215;683.jpg&#8220; title_text=&#8220;blinds-5928692_1920&#8243; _builder_version=&#8220;4.10.2&#8243; _module_preset=&#8220;default&#8220; global_colors_info=&#8220;{}&#8220;][\/et_pb_image][\/et_pb_column][et_pb_column type=&#8220;1_2&#8243; _builder_version=&#8220;4.10.2&#8243; _module_preset=&#8220;default&#8220; global_colors_info=&#8220;{}&#8220;][et_pb_text _builder_version=&#8220;4.10.2&#8243; _module_preset=&#8220;default&#8220; text_font_size=&#8220;17px&#8220; global_colors_info=&#8220;{}&#8220;]<\/p>\n<h1 class=\"-wm-MsoNormal\"><strong>\u00daklidov\u00e9 slu\u017eby<\/strong><\/h1>\n<p class=\"-wm-MsoNormal\"><span><\/span><\/p>\n<p class=\"-wm-MsoNormal\">Poskytujeme profesion\u00e1ln\u00ed \u00faklidov\u00e9 slu\u017eby. Provedeme d\u016fkladn\u00fd \u00faklid ve\u0161ker\u00fdch Va\u0161ich administrativn\u00edch budov, v\u00fdrobn\u00edch objekt\u016f i pr\u016fmyslov\u00fdch are\u00e1l\u016f.<\/p>\n<p class=\"-wm-MsoNormal\">Na z\u00e1klad\u011b Va\u0161ich pot\u0159eb sestav\u00edme na m\u00edru optim\u00e1ln\u00ed koncept \u00faklidov\u00fdch prac\u00ed pro Va\u0161i spole\u010dnost, ve V\u00e1mi po\u017eadovan\u00e9m \u010dase, tak aby nedo\u0161lo k\u00a0naru\u0161en\u00ed Va\u0161ich pracovn\u00edch aktivit<\/p>\n<p>[\/et_pb_text][\/et_pb_column][\/et_pb_row][et_pb_row column_structure=&#8220;1_2,1_2&#8243; _builder_version=&#8220;4.10.2&#8243; _module_preset=&#8220;default&#8220; global_colors_info=&#8220;{}&#8220;][et_pb_column type=&#8220;1_2&#8243; _builder_version=&#8220;4.10.2&#8243; _module_preset=&#8220;default&#8220; global_colors_info=&#8220;{}&#8220;][et_pb_image src=&#8220;http:\/\/sot-agency.cz\/wp-content\/uploads\/2023\/05\/construction-worker-1024&#215;683.jpg&#8220; title_text=&#8220;Construction Worker&#8220; _builder_version=&#8220;4.10.2&#8243; _module_preset=&#8220;default&#8220; global_colors_info=&#8220;{}&#8220;][\/et_pb_image][\/et_pb_column][et_pb_column type=&#8220;1_2&#8243; _builder_version=&#8220;4.10.2&#8243; _module_preset=&#8220;default&#8220; global_colors_info=&#8220;{}&#8220;][et_pb_text _builder_version=&#8220;4.10.2&#8243; _module_preset=&#8220;default&#8220; hover_enabled=&#8220;0&#8243; global_colors_info=&#8220;{}&#8220; sticky_enabled=&#8220;0&#8243; text_font_size=&#8220;17px&#8220;]<\/p>\n<h1><strong>Technick\u00e1 \u00fadr\u017eba budov<\/strong><\/h1>\n<p><span><\/span><\/p>\n<p><span>Hlavn\u00ed \u010dinnosti technick\u00e9ho servisu je zaji\u0161t\u011bn\u00ed optim\u00e1ln\u00edho a bezpe\u010dn\u00e9ho fungov\u00e1n\u00ed Va\u0161eho objektu b\u011bhem jej\u00edho ka\u017edodenn\u00edho provozu. <\/span><\/p>\n<p><span>Zabezpe\u010d\u00edme stavebn\u00ed pr\u00e1ce spojen\u00e9 s\u00a0\u00fadr\u017ebou vnit\u0159n\u00edho i vn\u011bj\u0161\u00edho perimetru Va\u0161ich nemovitost\u00ed.<\/span><\/p>\n<p>[\/et_pb_text][\/et_pb_column][\/et_pb_row][et_pb_row column_structure=&#8220;1_2,1_2&#8243; _builder_version=&#8220;4.10.2&#8243; _module_preset=&#8220;default&#8220; global_colors_info=&#8220;{}&#8220;][et_pb_column type=&#8220;1_2&#8243; _builder_version=&#8220;4.10.2&#8243; _module_preset=&#8220;default&#8220; global_colors_info=&#8220;{}&#8220;][et_pb_image src=&#8220;http:\/\/sot-agency.cz\/wp-content\/uploads\/2023\/05\/two-men-park-mowing-grass-with-mowers-1024&#215;683.jpg&#8220; title_text=&#8220;Two men in a park mowing grass with mowers.&#8220; _builder_version=&#8220;4.10.2&#8243; _module_preset=&#8220;default&#8220; global_colors_info=&#8220;{}&#8220;][\/et_pb_image][\/et_pb_column][et_pb_column type=&#8220;1_2&#8243; _builder_version=&#8220;4.10.2&#8243; _module_preset=&#8220;default&#8220; global_colors_info=&#8220;{}&#8220;][et_pb_text _builder_version=&#8220;4.10.2&#8243; _module_preset=&#8220;default&#8220; text_font_size=&#8220;17px&#8220; global_colors_info=&#8220;{}&#8220;]<\/p>\n<h1 class=\"-wm-MsoNormal\"><strong>\u00dadr\u017eba a o\u0161et\u0159en\u00ed zelen\u011b<\/strong><\/h1>\n<p class=\"-wm-MsoNormal\">\n<p class=\"-wm-MsoNormal\">N\u00e1\u0161 t\u00fdm odborn\u00edk\u016f prov\u00e1d\u00ed pravidelnou sez\u00f3nn\u00ed i mimosezonn\u00ed \u00fadr\u017eb\u011b ve\u0161ker\u00e9 zelen\u011b, v\u010detn\u011b pro\u0159ezu d\u0159evin.<\/p>\n<p class=\"-wm-MsoNormal\">Spolu s\u00a0V\u00e1mi najdeme nejvhodn\u011bj\u0161\u00ed \u010das, abychom V\u00e1s neru\u0161ili p\u0159i pr\u00e1ci, nebo Va\u0161em zaslou\u017een\u00e9m odpo\u010dinku.<\/p>\n<p>[\/et_pb_text][\/et_pb_column][\/et_pb_row][et_pb_row column_structure=&#8220;1_2,1_2&#8243; _builder_version=&#8220;4.10.2&#8243; _module_preset=&#8220;default&#8220; global_colors_info=&#8220;{}&#8220;][et_pb_column type=&#8220;1_2&#8243; _builder_version=&#8220;4.10.2&#8243; _module_preset=&#8220;default&#8220; global_colors_info=&#8220;{}&#8220;][et_pb_image src=&#8220;http:\/\/sot-agency.cz\/wp-content\/uploads\/2023\/05\/reception-2507752_1920.jpg&#8220; title_text=&#8220;reception-2507752_1920&#8243; _builder_version=&#8220;4.10.2&#8243; _module_preset=&#8220;default&#8220; global_colors_info=&#8220;{}&#8220;][\/et_pb_image][\/et_pb_column][et_pb_column type=&#8220;1_2&#8243; _builder_version=&#8220;4.10.2&#8243; _module_preset=&#8220;default&#8220; global_colors_info=&#8220;{}&#8220;][et_pb_text _builder_version=&#8220;4.10.2&#8243; _module_preset=&#8220;default&#8220; global_colors_info=&#8220;{}&#8220;]<\/p>\n<h1><strong>Recep\u010dn\u00ed servis<\/strong><\/h1>\n<p><strong><\/strong><\/p>\n<p>Recep\u010dn\u00ed slu\u017eby poskytujeme p\u0159ev\u00e1\u017en\u011b v administrativn\u00edch budov\u00e1ch a d\u016fle\u017eit\u00fdch pr\u016fmyslov\u00fdch objektech, kde je po\u017eadov\u00e1na informa\u010dn\u00ed slu\u017eba pro n\u00e1v\u0161t\u011bvn\u00edky a n\u00e1jemce objekt\u016f.<\/p>\n<p>Tato slu\u017eba je standardn\u011b spojena s nezbytnou znalosti administrativn\u00edho procesu, obsluhou IT a dal\u0161\u00edch technologi\u00ed a m\u016f\u017ee b\u00fdt p\u0159\u00edmo propojena s ostrahou objektu.\u00a0<\/p>\n<p>[\/et_pb_text][\/et_pb_column][\/et_pb_row][\/et_pb_section]<\/p>\n","protected":false},"excerpt":{"rendered":"<p>\u00daklidov\u00e9 slu\u017eby Poskytujeme profesion\u00e1ln\u00ed \u00faklidov\u00e9 slu\u017eby. Provedeme d\u016fkladn\u00fd \u00faklid ve\u0161ker\u00fdch Va\u0161ich administrativn\u00edch budov, v\u00fdrobn\u00edch objekt\u016f i pr\u016fmyslov\u00fdch are\u00e1l\u016f. Na z\u00e1klad\u011b Va\u0161ich pot\u0159eb sestav\u00edme na m\u00edru optim\u00e1ln\u00ed koncept \u00faklidov\u00fdch prac\u00ed pro Va\u0161i spole\u010dnost, ve V\u00e1mi po\u017eadovan\u00e9m \u010dase, tak aby nedo\u0161lo k\u00a0naru\u0161en\u00ed Va\u0161ich pracovn\u00edch aktivitTechnick\u00e1 \u00fadr\u017eba budov Hlavn\u00ed \u010dinnosti technick\u00e9ho servisu je zaji\u0161t\u011bn\u00ed optim\u00e1ln\u00edho a bezpe\u010dn\u00e9ho fungov\u00e1n\u00ed [&hellip;]<\/p>\n","protected":false},"author":1,"featured_media":0,"parent":0,"menu_order":0,"comment_status":"closed","ping_status":"closed","template":"","meta":{"_et_pb_use_builder":"on","_et_pb_old_content":"","_et_gb_content_width":"","footnotes":""},"class_list":["post-123","page","type-page","status-publish","hentry"],"yoast_head":"<!-- This site is optimized with the Yoast SEO plugin v20.7 - https:\/\/yoast.com\/wordpress\/plugins\/seo\/ -->\n<title>Spr\u00e1va budov - SOT AGENCY<\/title>\n<meta name=\"robots\" content=\"index, follow, max-snippet:-1, max-image-preview:large, max-video-preview:-1\" \/>\n<link rel=\"canonical\" href=\"https:\/\/sot-agency.cz\/?page_id=123\" \/>\n<meta property=\"og:locale\" content=\"cs_CZ\" \/>\n<meta property=\"og:type\" content=\"article\" \/>\n<meta property=\"og:title\" content=\"Spr\u00e1va budov - SOT AGENCY\" \/>\n<meta property=\"og:description\" content=\"\u00daklidov\u00e9 slu\u017eby Poskytujeme profesion\u00e1ln\u00ed \u00faklidov\u00e9 slu\u017eby. Provedeme d\u016fkladn\u00fd \u00faklid ve\u0161ker\u00fdch Va\u0161ich administrativn\u00edch budov, v\u00fdrobn\u00edch objekt\u016f i pr\u016fmyslov\u00fdch are\u00e1l\u016f. Na z\u00e1klad\u011b Va\u0161ich pot\u0159eb sestav\u00edme na m\u00edru optim\u00e1ln\u00ed koncept \u00faklidov\u00fdch prac\u00ed pro Va\u0161i spole\u010dnost, ve V\u00e1mi po\u017eadovan\u00e9m \u010dase, tak aby nedo\u0161lo k\u00a0naru\u0161en\u00ed Va\u0161ich pracovn\u00edch aktivitTechnick\u00e1 \u00fadr\u017eba budov Hlavn\u00ed \u010dinnosti technick\u00e9ho servisu je zaji\u0161t\u011bn\u00ed optim\u00e1ln\u00edho a bezpe\u010dn\u00e9ho fungov\u00e1n\u00ed [&hellip;]\" \/>\n<meta property=\"og:url\" content=\"https:\/\/sot-agency.cz\/?page_id=123\" \/>\n<meta property=\"og:site_name\" content=\"SOT AGENCY\" \/>\n<meta property=\"article:publisher\" content=\"https:\/\/www.facebook.com\/profile.php?id=100090887411131\" \/>\n<meta property=\"article:modified_time\" content=\"2023-05-09T15:04:00+00:00\" \/>\n<meta property=\"og:image\" content=\"https:\/\/sot-agency.cz\/wp-content\/uploads\/2023\/05\/cctv-security-online-camera-with-house-plan-1-scaled.jpg\" \/>\n\t<meta property=\"og:image:width\" content=\"2560\" \/>\n\t<meta property=\"og:image:height\" content=\"1708\" \/>\n\t<meta property=\"og:image:type\" content=\"image\/jpeg\" \/>\n<meta name=\"twitter:card\" content=\"summary_large_image\" \/>\n<meta name=\"twitter:label1\" content=\"Odhadovan\u00e1 doba \u010dten\u00ed\" \/>\n\t<meta name=\"twitter:data1\" content=\"3 minuty\" \/>\n<script type=\"application\/ld+json\" class=\"yoast-schema-graph\">{\"@context\":\"https:\/\/schema.org\",\"@graph\":[{\"@type\":\"WebPage\",\"@id\":\"https:\/\/sot-agency.cz\/?page_id=123\",\"url\":\"https:\/\/sot-agency.cz\/?page_id=123\",\"name\":\"Spr\u00e1va budov - SOT AGENCY\",\"isPartOf\":{\"@id\":\"https:\/\/sot-agency.cz\/#website\"},\"datePublished\":\"2023-05-09T13:07:01+00:00\",\"dateModified\":\"2023-05-09T15:04:00+00:00\",\"breadcrumb\":{\"@id\":\"https:\/\/sot-agency.cz\/?page_id=123#breadcrumb\"},\"inLanguage\":\"cs\",\"potentialAction\":[{\"@type\":\"ReadAction\",\"target\":[\"https:\/\/sot-agency.cz\/?page_id=123\"]}]},{\"@type\":\"BreadcrumbList\",\"@id\":\"https:\/\/sot-agency.cz\/?page_id=123#breadcrumb\",\"itemListElement\":[{\"@type\":\"ListItem\",\"position\":1,\"name\":\"Dom\u016f\",\"item\":\"https:\/\/sot-agency.cz\/\"},{\"@type\":\"ListItem\",\"position\":2,\"name\":\"Spr\u00e1va budov\"}]},{\"@type\":\"WebSite\",\"@id\":\"https:\/\/sot-agency.cz\/#website\",\"url\":\"https:\/\/sot-agency.cz\/\",\"name\":\"SOT AGENCY\",\"description\":\"bezpe\u010dnostn\u00ed agentura\",\"publisher\":{\"@id\":\"https:\/\/sot-agency.cz\/#organization\"},\"potentialAction\":[{\"@type\":\"SearchAction\",\"target\":{\"@type\":\"EntryPoint\",\"urlTemplate\":\"https:\/\/sot-agency.cz\/?s={search_term_string}\"},\"query-input\":\"required name=search_term_string\"}],\"inLanguage\":\"cs\"},{\"@type\":\"Organization\",\"@id\":\"https:\/\/sot-agency.cz\/#organization\",\"name\":\"SOT AGENCY s.r.o.\",\"url\":\"https:\/\/sot-agency.cz\/\",\"logo\":{\"@type\":\"ImageObject\",\"inLanguage\":\"cs\",\"@id\":\"https:\/\/sot-agency.cz\/#\/schema\/logo\/image\/\",\"url\":\"https:\/\/sot-agency.cz\/wp-content\/uploads\/2023\/05\/cropped-LOGO-SOT-SECURITY_cernobile_plasticke.png\",\"contentUrl\":\"https:\/\/sot-agency.cz\/wp-content\/uploads\/2023\/05\/cropped-LOGO-SOT-SECURITY_cernobile_plasticke.png\",\"width\":512,\"height\":512,\"caption\":\"SOT AGENCY s.r.o.\"},\"image\":{\"@id\":\"https:\/\/sot-agency.cz\/#\/schema\/logo\/image\/\"},\"sameAs\":[\"https:\/\/www.facebook.com\/profile.php?id=100090887411131\"]}]}<\/script>\n<!-- \/ Yoast SEO plugin. -->","yoast_head_json":{"title":"Spr\u00e1va budov - SOT AGENCY","robots":{"index":"index","follow":"follow","max-snippet":"max-snippet:-1","max-image-preview":"max-image-preview:large","max-video-preview":"max-video-preview:-1"},"canonical":"https:\/\/sot-agency.cz\/?page_id=123","og_locale":"cs_CZ","og_type":"article","og_title":"Spr\u00e1va budov - SOT AGENCY","og_description":"\u00daklidov\u00e9 slu\u017eby Poskytujeme profesion\u00e1ln\u00ed \u00faklidov\u00e9 slu\u017eby. Provedeme d\u016fkladn\u00fd \u00faklid ve\u0161ker\u00fdch Va\u0161ich administrativn\u00edch budov, v\u00fdrobn\u00edch objekt\u016f i pr\u016fmyslov\u00fdch are\u00e1l\u016f. Na z\u00e1klad\u011b Va\u0161ich pot\u0159eb sestav\u00edme na m\u00edru optim\u00e1ln\u00ed koncept \u00faklidov\u00fdch prac\u00ed pro Va\u0161i spole\u010dnost, ve V\u00e1mi po\u017eadovan\u00e9m \u010dase, tak aby nedo\u0161lo k\u00a0naru\u0161en\u00ed Va\u0161ich pracovn\u00edch aktivitTechnick\u00e1 \u00fadr\u017eba budov Hlavn\u00ed \u010dinnosti technick\u00e9ho servisu je zaji\u0161t\u011bn\u00ed optim\u00e1ln\u00edho a bezpe\u010dn\u00e9ho fungov\u00e1n\u00ed [&hellip;]","og_url":"https:\/\/sot-agency.cz\/?page_id=123","og_site_name":"SOT AGENCY","article_publisher":"https:\/\/www.facebook.com\/profile.php?id=100090887411131","article_modified_time":"2023-05-09T15:04:00+00:00","og_image":[{"width":2560,"height":1708,"url":"https:\/\/sot-agency.cz\/wp-content\/uploads\/2023\/05\/cctv-security-online-camera-with-house-plan-1-scaled.jpg","type":"image\/jpeg"}],"twitter_card":"summary_large_image","twitter_misc":{"Odhadovan\u00e1 doba \u010dten\u00ed":"3 minuty"},"schema":{"@context":"https:\/\/schema.org","@graph":[{"@type":"WebPage","@id":"https:\/\/sot-agency.cz\/?page_id=123","url":"https:\/\/sot-agency.cz\/?page_id=123","name":"Spr\u00e1va budov - SOT AGENCY","isPartOf":{"@id":"https:\/\/sot-agency.cz\/#website"},"datePublished":"2023-05-09T13:07:01+00:00","dateModified":"2023-05-09T15:04:00+00:00","breadcrumb":{"@id":"https:\/\/sot-agency.cz\/?page_id=123#breadcrumb"},"inLanguage":"cs","potentialAction":[{"@type":"ReadAction","target":["https:\/\/sot-agency.cz\/?page_id=123"]}]},{"@type":"BreadcrumbList","@id":"https:\/\/sot-agency.cz\/?page_id=123#breadcrumb","itemListElement":[{"@type":"ListItem","position":1,"name":"Dom\u016f","item":"https:\/\/sot-agency.cz\/"},{"@type":"ListItem","position":2,"name":"Spr\u00e1va budov"}]},{"@type":"WebSite","@id":"https:\/\/sot-agency.cz\/#website","url":"https:\/\/sot-agency.cz\/","name":"SOT AGENCY","description":"bezpe\u010dnostn\u00ed agentura","publisher":{"@id":"https:\/\/sot-agency.cz\/#organization"},"potentialAction":[{"@type":"SearchAction","target":{"@type":"EntryPoint","urlTemplate":"https:\/\/sot-agency.cz\/?s={search_term_string}"},"query-input":"required name=search_term_string"}],"inLanguage":"cs"},{"@type":"Organization","@id":"https:\/\/sot-agency.cz\/#organization","name":"SOT AGENCY s.r.o.","url":"https:\/\/sot-agency.cz\/","logo":{"@type":"ImageObject","inLanguage":"cs","@id":"https:\/\/sot-agency.cz\/#\/schema\/logo\/image\/","url":"https:\/\/sot-agency.cz\/wp-content\/uploads\/2023\/05\/cropped-LOGO-SOT-SECURITY_cernobile_plasticke.png","contentUrl":"https:\/\/sot-agency.cz\/wp-content\/uploads\/2023\/05\/cropped-LOGO-SOT-SECURITY_cernobile_plasticke.png","width":512,"height":512,"caption":"SOT AGENCY s.r.o."},"image":{"@id":"https:\/\/sot-agency.cz\/#\/schema\/logo\/image\/"},"sameAs":["https:\/\/www.facebook.com\/profile.php?id=100090887411131"]}]}},"_links":{"self":[{"href":"https:\/\/sot-agency.cz\/index.php?rest_route=\/wp\/v2\/pages\/123","targetHints":{"allow":["GET"]}}],"collection":[{"href":"https:\/\/sot-agency.cz\/index.php?rest_route=\/wp\/v2\/pages"}],"about":[{"href":"https:\/\/sot-agency.cz\/index.php?rest_route=\/wp\/v2\/types\/page"}],"author":[{"embeddable":true,"href":"https:\/\/sot-agency.cz\/index.php?rest_route=\/wp\/v2\/users\/1"}],"replies":[{"embeddable":true,"href":"https:\/\/sot-agency.cz\/index.php?rest_route=%2Fwp%2Fv2%2Fcomments&post=123"}],"version-history":[{"count":10,"href":"https:\/\/sot-agency.cz\/index.php?rest_route=\/wp\/v2\/pages\/123\/revisions"}],"predecessor-version":[{"id":178,"href":"https:\/\/sot-agency.cz\/index.php?rest_route=\/wp\/v2\/pages\/123\/revisions\/178"}],"wp:attachment":[{"href":"https:\/\/sot-agency.cz\/index.php?rest_route=%2Fwp%2Fv2%2Fmedia&parent=123"}],"curies":[{"name":"wp","href":"https:\/\/api.w.org\/{rel}","templated":true}]}}