{"id":20,"date":"2023-05-06T13:51:44","date_gmt":"2023-05-06T13:51:44","guid":{"rendered":"https:\/\/info.sot-agency.cz\/?page_id=20"},"modified":"2023-05-16T09:40:41","modified_gmt":"2023-05-16T09:40:41","slug":"sot-agency","status":"publish","type":"page","link":"https:\/\/sot-agency.cz\/","title":{"rendered":""},"content":{"rendered":"<p>[et_pb_section fb_built=&#8220;1&#8243; fullwidth=&#8220;on&#8220; _builder_version=&#8220;4.10.2&#8243; _module_preset=&#8220;default&#8220; background_color=&#8220;#000000&#8243; background_enable_image=&#8220;off&#8220; global_colors_info=&#8220;{}&#8220;][et_pb_fullwidth_header title=&#8220;V\u00edce ne\u017e jen pocit bezpe\u010d\u00ed&#8220; header_fullscreen=&#8220;on&#8220; button_one_text=&#8220;Ostraha objekt\u016f&#8220; button_one_url=&#8220;https:\/\/sot-agency.cz\/?page_id=43&#8243; button_two_text=&#8220;Ostraha osob&#8220; button_two_url=&#8220;https:\/\/sot-agency.cz\/?page_id=45&#8243; header_image_url=&#8220;http:\/\/sot-agency.cz\/wp-content\/uploads\/2023\/05\/cctv-security-online-camera-with-house-plan-1-scaled.jpg&#8220; _builder_version=&#8220;4.10.2&#8243; _module_preset=&#8220;default&#8220; title_text_align=&#8220;left&#8220; content_text_align=&#8220;left&#8220; content_font_size=&#8220;18px&#8220; background_enable_color=&#8220;off&#8220; custom_button_one=&#8220;on&#8220; custom_button_two=&#8220;on&#8220; hover_enabled=&#8220;0&#8243; global_colors_info=&#8220;{}&#8220; alt=&#8220;SOT AGENCY &#8211; v\u00edce ne\u017e jen pocit bezpe\u010d\u00ed&#8220; title_text=&#8220;SOT AGENCY&#8220; sticky_enabled=&#8220;0&#8243;]<\/p>\n<p><span>Na\u0161e spole\u010dnost je poskytovatelem bezpe\u010dnostn\u00edch slu\u017eeb pro 21. stolet\u00ed.<\/span><\/p>\n<p>[\/et_pb_fullwidth_header][\/et_pb_section]<\/p>\n","protected":false},"excerpt":{"rendered":"<p>Na\u0161e spole\u010dnost je poskytovatelem bezpe\u010dnostn\u00edch slu\u017eeb pro 21. stolet\u00ed.<\/p>\n","protected":false},"author":1,"featured_media":0,"parent":0,"menu_order":0,"comment_status":"closed","ping_status":"closed","template":"","meta":{"_et_pb_use_builder":"on","_et_pb_old_content":"","_et_gb_content_width":"","footnotes":""},"class_list":["post-20","page","type-page","status-publish","hentry"],"yoast_head":"<!-- This site is optimized with the Yoast SEO plugin v20.7 - https:\/\/yoast.com\/wordpress\/plugins\/seo\/ -->\n<title>- SOT AGENCY<\/title>\n<meta name=\"description\" content=\"V\u00edce ne\u017e jen pocit bezpe\u010d\u00ed. Na\u0161e spole\u010dnost je poskytovatelem bezpe\u010dnostn\u00edch slu\u017eeb pro 21. stolet\u00ed v oblasti ochrany osob i majetku.\" \/>\n<meta name=\"robots\" content=\"index, follow, max-snippet:-1, max-image-preview:large, max-video-preview:-1\" \/>\n<link rel=\"canonical\" href=\"https:\/\/sot-agency.cz\/\" \/>\n<meta property=\"og:locale\" content=\"cs_CZ\" \/>\n<meta property=\"og:type\" content=\"article\" \/>\n<meta property=\"og:title\" content=\"- SOT AGENCY\" \/>\n<meta property=\"og:description\" content=\"V\u00edce ne\u017e jen pocit bezpe\u010d\u00ed. Na\u0161e spole\u010dnost je poskytovatelem bezpe\u010dnostn\u00edch slu\u017eeb pro 21. stolet\u00ed v oblasti ochrany osob i majetku.\" \/>\n<meta property=\"og:url\" content=\"https:\/\/sot-agency.cz\/\" \/>\n<meta property=\"og:site_name\" content=\"SOT AGENCY\" \/>\n<meta property=\"article:publisher\" content=\"https:\/\/www.facebook.com\/profile.php?id=100090887411131\" \/>\n<meta property=\"article:modified_time\" content=\"2023-05-16T09:40:41+00:00\" \/>\n<meta property=\"og:image\" content=\"https:\/\/sot-agency.cz\/wp-content\/uploads\/2023\/05\/cctv-security-online-camera-with-house-plan-1-scaled.jpg\" \/>\n\t<meta property=\"og:image:width\" content=\"2560\" \/>\n\t<meta property=\"og:image:height\" content=\"1708\" \/>\n\t<meta property=\"og:image:type\" content=\"image\/jpeg\" \/>\n<meta name=\"twitter:card\" content=\"summary_large_image\" \/>\n<meta name=\"twitter:label1\" content=\"Odhadovan\u00e1 doba \u010dten\u00ed\" \/>\n\t<meta name=\"twitter:data1\" content=\"1 minuta\" \/>\n<script type=\"application\/ld+json\" class=\"yoast-schema-graph\">{\"@context\":\"https:\/\/schema.org\",\"@graph\":[{\"@type\":\"WebPage\",\"@id\":\"https:\/\/sot-agency.cz\/\",\"url\":\"https:\/\/sot-agency.cz\/\",\"name\":\"- SOT AGENCY\",\"isPartOf\":{\"@id\":\"https:\/\/sot-agency.cz\/#website\"},\"datePublished\":\"2023-05-06T13:51:44+00:00\",\"dateModified\":\"2023-05-16T09:40:41+00:00\",\"description\":\"V\u00edce ne\u017e jen pocit bezpe\u010d\u00ed. Na\u0161e spole\u010dnost je poskytovatelem bezpe\u010dnostn\u00edch slu\u017eeb pro 21. stolet\u00ed v oblasti ochrany osob i majetku.\",\"inLanguage\":\"cs\",\"potentialAction\":[{\"@type\":\"ReadAction\",\"target\":[\"https:\/\/sot-agency.cz\/\"]}]},{\"@type\":\"WebSite\",\"@id\":\"https:\/\/sot-agency.cz\/#website\",\"url\":\"https:\/\/sot-agency.cz\/\",\"name\":\"SOT AGENCY\",\"description\":\"bezpe\u010dnostn\u00ed agentura\",\"publisher\":{\"@id\":\"https:\/\/sot-agency.cz\/#organization\"},\"potentialAction\":[{\"@type\":\"SearchAction\",\"target\":{\"@type\":\"EntryPoint\",\"urlTemplate\":\"https:\/\/sot-agency.cz\/?s={search_term_string}\"},\"query-input\":\"required name=search_term_string\"}],\"inLanguage\":\"cs\"},{\"@type\":\"Organization\",\"@id\":\"https:\/\/sot-agency.cz\/#organization\",\"name\":\"SOT AGENCY s.r.o.\",\"url\":\"https:\/\/sot-agency.cz\/\",\"logo\":{\"@type\":\"ImageObject\",\"inLanguage\":\"cs\",\"@id\":\"https:\/\/sot-agency.cz\/#\/schema\/logo\/image\/\",\"url\":\"https:\/\/sot-agency.cz\/wp-content\/uploads\/2023\/05\/cropped-LOGO-SOT-SECURITY_cernobile_plasticke.png\",\"contentUrl\":\"https:\/\/sot-agency.cz\/wp-content\/uploads\/2023\/05\/cropped-LOGO-SOT-SECURITY_cernobile_plasticke.png\",\"width\":512,\"height\":512,\"caption\":\"SOT AGENCY s.r.o.\"},\"image\":{\"@id\":\"https:\/\/sot-agency.cz\/#\/schema\/logo\/image\/\"},\"sameAs\":[\"https:\/\/www.facebook.com\/profile.php?id=100090887411131\"]}]}<\/script>\n<!-- \/ Yoast SEO plugin. -->","yoast_head_json":{"title":"- SOT AGENCY","description":"V\u00edce ne\u017e jen pocit bezpe\u010d\u00ed. Na\u0161e spole\u010dnost je poskytovatelem bezpe\u010dnostn\u00edch slu\u017eeb pro 21. stolet\u00ed v oblasti ochrany osob i majetku.","robots":{"index":"index","follow":"follow","max-snippet":"max-snippet:-1","max-image-preview":"max-image-preview:large","max-video-preview":"max-video-preview:-1"},"canonical":"https:\/\/sot-agency.cz\/","og_locale":"cs_CZ","og_type":"article","og_title":"- SOT AGENCY","og_description":"V\u00edce ne\u017e jen pocit bezpe\u010d\u00ed. Na\u0161e spole\u010dnost je poskytovatelem bezpe\u010dnostn\u00edch slu\u017eeb pro 21. stolet\u00ed v oblasti ochrany osob i majetku.","og_url":"https:\/\/sot-agency.cz\/","og_site_name":"SOT AGENCY","article_publisher":"https:\/\/www.facebook.com\/profile.php?id=100090887411131","article_modified_time":"2023-05-16T09:40:41+00:00","og_image":[{"width":2560,"height":1708,"url":"https:\/\/sot-agency.cz\/wp-content\/uploads\/2023\/05\/cctv-security-online-camera-with-house-plan-1-scaled.jpg","type":"image\/jpeg"}],"twitter_card":"summary_large_image","twitter_misc":{"Odhadovan\u00e1 doba \u010dten\u00ed":"1 minuta"},"schema":{"@context":"https:\/\/schema.org","@graph":[{"@type":"WebPage","@id":"https:\/\/sot-agency.cz\/","url":"https:\/\/sot-agency.cz\/","name":"- SOT AGENCY","isPartOf":{"@id":"https:\/\/sot-agency.cz\/#website"},"datePublished":"2023-05-06T13:51:44+00:00","dateModified":"2023-05-16T09:40:41+00:00","description":"V\u00edce ne\u017e jen pocit bezpe\u010d\u00ed. Na\u0161e spole\u010dnost je poskytovatelem bezpe\u010dnostn\u00edch slu\u017eeb pro 21. stolet\u00ed v oblasti ochrany osob i majetku.","inLanguage":"cs","potentialAction":[{"@type":"ReadAction","target":["https:\/\/sot-agency.cz\/"]}]},{"@type":"WebSite","@id":"https:\/\/sot-agency.cz\/#website","url":"https:\/\/sot-agency.cz\/","name":"SOT AGENCY","description":"bezpe\u010dnostn\u00ed agentura","publisher":{"@id":"https:\/\/sot-agency.cz\/#organization"},"potentialAction":[{"@type":"SearchAction","target":{"@type":"EntryPoint","urlTemplate":"https:\/\/sot-agency.cz\/?s={search_term_string}"},"query-input":"required name=search_term_string"}],"inLanguage":"cs"},{"@type":"Organization","@id":"https:\/\/sot-agency.cz\/#organization","name":"SOT AGENCY s.r.o.","url":"https:\/\/sot-agency.cz\/","logo":{"@type":"ImageObject","inLanguage":"cs","@id":"https:\/\/sot-agency.cz\/#\/schema\/logo\/image\/","url":"https:\/\/sot-agency.cz\/wp-content\/uploads\/2023\/05\/cropped-LOGO-SOT-SECURITY_cernobile_plasticke.png","contentUrl":"https:\/\/sot-agency.cz\/wp-content\/uploads\/2023\/05\/cropped-LOGO-SOT-SECURITY_cernobile_plasticke.png","width":512,"height":512,"caption":"SOT AGENCY s.r.o."},"image":{"@id":"https:\/\/sot-agency.cz\/#\/schema\/logo\/image\/"},"sameAs":["https:\/\/www.facebook.com\/profile.php?id=100090887411131"]}]}},"_links":{"self":[{"href":"https:\/\/sot-agency.cz\/index.php?rest_route=\/wp\/v2\/pages\/20","targetHints":{"allow":["GET"]}}],"collection":[{"href":"https:\/\/sot-agency.cz\/index.php?rest_route=\/wp\/v2\/pages"}],"about":[{"href":"https:\/\/sot-agency.cz\/index.php?rest_route=\/wp\/v2\/types\/page"}],"author":[{"embeddable":true,"href":"https:\/\/sot-agency.cz\/index.php?rest_route=\/wp\/v2\/users\/1"}],"replies":[{"embeddable":true,"href":"https:\/\/sot-agency.cz\/index.php?rest_route=%2Fwp%2Fv2%2Fcomments&post=20"}],"version-history":[{"count":15,"href":"https:\/\/sot-agency.cz\/index.php?rest_route=\/wp\/v2\/pages\/20\/revisions"}],"predecessor-version":[{"id":199,"href":"https:\/\/sot-agency.cz\/index.php?rest_route=\/wp\/v2\/pages\/20\/revisions\/199"}],"wp:attachment":[{"href":"https:\/\/sot-agency.cz\/index.php?rest_route=%2Fwp%2Fv2%2Fmedia&parent=20"}],"curies":[{"name":"wp","href":"https:\/\/api.w.org\/{rel}","templated":true}]}}