{"id":43,"date":"2023-05-06T16:21:48","date_gmt":"2023-05-06T16:21:48","guid":{"rendered":"https:\/\/info.sot-agency.cz\/?page_id=43"},"modified":"2023-05-09T19:09:56","modified_gmt":"2023-05-09T19:09:56","slug":"fyzicka-ostraha-objektu","status":"publish","type":"page","link":"https:\/\/sot-agency.cz\/?page_id=43","title":{"rendered":"Objektov\u00e1 bezpe\u010dnost"},"content":{"rendered":"<p>[et_pb_section fb_built=&#8220;1&#8243; _builder_version=&#8220;4.10.2&#8243; _module_preset=&#8220;default&#8220; global_colors_info=&#8220;{}&#8220;][et_pb_row _builder_version=&#8220;4.10.2&#8243; _module_preset=&#8220;default&#8220; global_colors_info=&#8220;{}&#8220;][et_pb_column type=&#8220;4_4&#8243; _builder_version=&#8220;4.10.2&#8243; _module_preset=&#8220;default&#8220; global_colors_info=&#8220;{}&#8220;][et_pb_text _builder_version=&#8220;4.10.2&#8243; _module_preset=&#8220;default&#8220; global_colors_info=&#8220;{}&#8220;]<\/p>\n<p style=\"text-align: center;\">Na\u0161e spole\u010dnost se specializuje na objektovou bezpe\u010dnost v pr\u016fmyslov\u00fdch, obchodn\u00edch, logistick\u00fdch, v\u00fdrobn\u00edch i administrativn\u00edch objektech a are\u00e1lech.<\/p>\n<p style=\"text-align: center;\">V tomto oboru bezpe\u010dnostn\u00ed problematiky jsme se za dobu p\u016fsoben\u00ed na trhu stali vysoce cen\u011bn\u00fdmi odborn\u00edky a pat\u0159\u00edme ke spole\u010dnostem, kter\u00e9 v tomto oboru ud\u00e1vaj\u00ed trend.<\/p>\n<p>[\/et_pb_text][\/et_pb_column][\/et_pb_row][et_pb_row column_structure=&#8220;1_2,1_2&#8243; _builder_version=&#8220;4.10.2&#8243; _module_preset=&#8220;default&#8220; global_colors_info=&#8220;{}&#8220;][et_pb_column type=&#8220;1_2&#8243; _builder_version=&#8220;4.10.2&#8243; _module_preset=&#8220;default&#8220; global_colors_info=&#8220;{}&#8220;][et_pb_image src=&#8220;http:\/\/sot-agency.cz\/wp-content\/uploads\/2023\/05\/shutterstock_133615913-scaled.jpg&#8220; title_text=&#8220;shutterstock_133615913&#8243; _builder_version=&#8220;4.10.2&#8243; _module_preset=&#8220;default&#8220; global_colors_info=&#8220;{}&#8220;][\/et_pb_image][\/et_pb_column][et_pb_column type=&#8220;1_2&#8243; _builder_version=&#8220;4.10.2&#8243; _module_preset=&#8220;default&#8220; global_colors_info=&#8220;{}&#8220;][et_pb_text _builder_version=&#8220;4.10.2&#8243; _module_preset=&#8220;default&#8220; global_colors_info=&#8220;{}&#8220;]<\/p>\n<ul>\n<li>Fyzick\u00e1 ostraha objektu 365\/24\/7<\/li>\n<li>Kontrola vjezd\u016f a v\u00fdjezd\u016f vozidel<\/li>\n<li>Kontrola vstup\u016f a v\u00fdstup\u016f osob<\/li>\n<li>Kontrola a monitoring kamerov\u00e9ho syst\u00e9mu<\/li>\n<li>Kontrola bezpe\u010dnostn\u00edch syst\u00e9m\u016f are\u00e1lu<\/li>\n<li>Pravideln\u00e9 obch\u016fzky are\u00e1lu<\/li>\n<li>Instalace a kontrola mechanick\u00fdch z\u00e1brann\u00fdch syst\u00e9m\u016f<\/li>\n<li>Kooperace s jednotkami IZS<\/li>\n<li>Asistence z\u00e1sahov\u00e9 jednotky SOT (na vy\u017e\u00e1d\u00e1n\u00ed \u010dlen\u016f fyzick\u00e9 ostrahy objektu)<\/li>\n<li>Pro\u0161kolen\u00fd a reprezentativn\u00ed person\u00e1l<\/li>\n<li>Profesion\u00e1ln\u00ed \u00faklidov\u00e9 slu\u017eby<\/li>\n<\/ul>\n<p>[\/et_pb_text][et_pb_text _builder_version=&#8220;4.10.2&#8243; _module_preset=&#8220;default&#8220; global_colors_info=&#8220;{}&#8220;]<strong>Na\u0161i zam\u011bstnanci<\/strong><\/p>\n<ul>\n<li>Trestn\u00ed bez\u00fahonnost<\/li>\n<li>Proch\u00e1z\u00ed v\u00fdb\u011brov\u00fdm \u0159\u00edzen\u00edm se zam\u011b\u0159en\u00edm na zv\u00fd\u0161enou stresovou odolnost<\/li>\n<li>P\u0159edchoz\u00ed zku\u0161enosti s bezpe\u010dnostn\u00ed problematikou<\/li>\n<li>Proch\u00e1z\u00ed syst\u00e9mem vzd\u011bl\u00e1v\u00e1n\u00ed a \u0161kolen\u00ed po celou dobu p\u016fsoben\u00ed<\/li>\n<\/ul>\n<p>P\u0159\u00edprava na zvl\u00e1d\u00e1n\u00ed bezpe\u010dnostn\u00edch incident\u016f[\/et_pb_text][\/et_pb_column][\/et_pb_row][\/et_pb_section][et_pb_section fb_built=&#8220;1&#8243; _builder_version=&#8220;4.10.2&#8243; _module_preset=&#8220;default&#8220; global_colors_info=&#8220;{}&#8220;][et_pb_row _builder_version=&#8220;4.10.2&#8243; _module_preset=&#8220;default&#8220; global_colors_info=&#8220;{}&#8220;][et_pb_column type=&#8220;4_4&#8243; _builder_version=&#8220;4.10.2&#8243; _module_preset=&#8220;default&#8220; global_colors_info=&#8220;{}&#8220;][et_pb_text _builder_version=&#8220;4.10.2&#8243; _module_preset=&#8220;default&#8220; hover_enabled=&#8220;0&#8243; global_colors_info=&#8220;{}&#8220; sticky_enabled=&#8220;0&#8243;]<\/p>\n<h1 style=\"text-align: center;\"><strong>Na\u0161i klienti<\/strong><\/h1>\n<p>[\/et_pb_text][\/et_pb_column][\/et_pb_row][et_pb_row column_structure=&#8220;1_3,1_3,1_3&#8243; _builder_version=&#8220;4.10.2&#8243; _module_preset=&#8220;default&#8220; global_colors_info=&#8220;{}&#8220;][et_pb_column type=&#8220;1_3&#8243; _builder_version=&#8220;4.10.2&#8243; _module_preset=&#8220;default&#8220; global_colors_info=&#8220;{}&#8220;][et_pb_image src=&#8220;http:\/\/sot-agency.cz\/wp-content\/uploads\/2023\/05\/metrostav.png&#8220; title_text=&#8220;metrostav&#8220; _builder_version=&#8220;4.10.2&#8243; _module_preset=&#8220;default&#8220; global_colors_info=&#8220;{}&#8220;][\/et_pb_image][\/et_pb_column][et_pb_column type=&#8220;1_3&#8243; _builder_version=&#8220;4.10.2&#8243; _module_preset=&#8220;default&#8220; global_colors_info=&#8220;{}&#8220;][et_pb_image src=&#8220;http:\/\/sot-agency.cz\/wp-content\/uploads\/2023\/05\/c-energy_orig.png&#8220; title_text=&#8220;c-energy_orig&#8220; _builder_version=&#8220;4.10.2&#8243; _module_preset=&#8220;default&#8220; global_colors_info=&#8220;{}&#8220;][\/et_pb_image][\/et_pb_column][et_pb_column type=&#8220;1_3&#8243; _builder_version=&#8220;4.10.2&#8243; _module_preset=&#8220;default&#8220; global_colors_info=&#8220;{}&#8220;][et_pb_image src=&#8220;http:\/\/sot-agency.cz\/wp-content\/uploads\/2023\/05\/tzmt-300&#215;181.png&#8220; title_text=&#8220;tzmt&#8220; _builder_version=&#8220;4.10.2&#8243; _module_preset=&#8220;default&#8220; global_colors_info=&#8220;{}&#8220;][\/et_pb_image][\/et_pb_column][\/et_pb_row][et_pb_row column_structure=&#8220;1_3,1_3,1_3&#8243; _builder_version=&#8220;4.10.2&#8243; _module_preset=&#8220;default&#8220; global_colors_info=&#8220;{}&#8220;][et_pb_column type=&#8220;1_3&#8243; _builder_version=&#8220;4.10.2&#8243; _module_preset=&#8220;default&#8220; global_colors_info=&#8220;{}&#8220;][et_pb_image src=&#8220;http:\/\/sot-agency.cz\/wp-content\/uploads\/2023\/05\/cscargo.jpg&#8220; title_text=&#8220;cscargo&#8220; _builder_version=&#8220;4.10.2&#8243; _module_preset=&#8220;default&#8220; custom_padding=&#8220;||0px|||&#8220; global_colors_info=&#8220;{}&#8220;][\/et_pb_image][\/et_pb_column][et_pb_column type=&#8220;1_3&#8243; _builder_version=&#8220;4.10.2&#8243; _module_preset=&#8220;default&#8220; global_colors_info=&#8220;{}&#8220;][et_pb_image src=&#8220;http:\/\/sot-agency.cz\/wp-content\/uploads\/2023\/05\/zamek-stirin.jpg&#8220; title_text=&#8220;z\u00e1mek \u0161ti\u0159\u00edn&#8220; _builder_version=&#8220;4.10.2&#8243; _module_preset=&#8220;default&#8220; global_colors_info=&#8220;{}&#8220;][\/et_pb_image][\/et_pb_column][et_pb_column type=&#8220;1_3&#8243; _builder_version=&#8220;4.10.2&#8243; _module_preset=&#8220;default&#8220; global_colors_info=&#8220;{}&#8220;][et_pb_divider show_divider=&#8220;off&#8220; _builder_version=&#8220;4.10.2&#8243; _module_preset=&#8220;default&#8220; global_colors_info=&#8220;{}&#8220;][\/et_pb_divider][et_pb_divider show_divider=&#8220;off&#8220; _builder_version=&#8220;4.10.2&#8243; _module_preset=&#8220;default&#8220; global_colors_info=&#8220;{}&#8220;][\/et_pb_divider][et_pb_image src=&#8220;http:\/\/sot-agency.cz\/wp-content\/uploads\/2023\/05\/sberne-suroviny.png&#8220; title_text=&#8220;sb\u011brn\u00e9 suroviny&#8220; _builder_version=&#8220;4.10.2&#8243; _module_preset=&#8220;default&#8220; global_colors_info=&#8220;{}&#8220;][\/et_pb_image][\/et_pb_column][\/et_pb_row][\/et_pb_section]<\/p>\n","protected":false},"excerpt":{"rendered":"<p>Na\u0161e spole\u010dnost se specializuje na objektovou bezpe\u010dnost v pr\u016fmyslov\u00fdch, obchodn\u00edch, logistick\u00fdch, v\u00fdrobn\u00edch i administrativn\u00edch objektech a are\u00e1lech. V tomto oboru bezpe\u010dnostn\u00ed problematiky jsme se za dobu p\u016fsoben\u00ed na trhu stali vysoce cen\u011bn\u00fdmi odborn\u00edky a pat\u0159\u00edme ke spole\u010dnostem, kter\u00e9 v tomto oboru ud\u00e1vaj\u00ed trend. Fyzick\u00e1 ostraha objektu 365\/24\/7 Kontrola vjezd\u016f a v\u00fdjezd\u016f vozidel Kontrola vstup\u016f a [&hellip;]<\/p>\n","protected":false},"author":1,"featured_media":0,"parent":0,"menu_order":0,"comment_status":"closed","ping_status":"closed","template":"","meta":{"_et_pb_use_builder":"on","_et_pb_old_content":"","_et_gb_content_width":"","footnotes":""},"class_list":["post-43","page","type-page","status-publish","hentry"],"yoast_head":"<!-- This site is optimized with the Yoast SEO plugin v20.7 - https:\/\/yoast.com\/wordpress\/plugins\/seo\/ -->\n<title>Objektov\u00e1 bezpe\u010dnost - SOT AGENCY<\/title>\n<meta name=\"robots\" content=\"index, follow, max-snippet:-1, max-image-preview:large, max-video-preview:-1\" \/>\n<link rel=\"canonical\" href=\"https:\/\/sot-agency.cz\/?page_id=43\" \/>\n<meta property=\"og:locale\" content=\"cs_CZ\" \/>\n<meta property=\"og:type\" content=\"article\" \/>\n<meta property=\"og:title\" content=\"Objektov\u00e1 bezpe\u010dnost - SOT AGENCY\" \/>\n<meta property=\"og:description\" content=\"Na\u0161e spole\u010dnost se specializuje na objektovou bezpe\u010dnost v pr\u016fmyslov\u00fdch, obchodn\u00edch, logistick\u00fdch, v\u00fdrobn\u00edch i administrativn\u00edch objektech a are\u00e1lech. V tomto oboru bezpe\u010dnostn\u00ed problematiky jsme se za dobu p\u016fsoben\u00ed na trhu stali vysoce cen\u011bn\u00fdmi odborn\u00edky a pat\u0159\u00edme ke spole\u010dnostem, kter\u00e9 v tomto oboru ud\u00e1vaj\u00ed trend. Fyzick\u00e1 ostraha objektu 365\/24\/7 Kontrola vjezd\u016f a v\u00fdjezd\u016f vozidel Kontrola vstup\u016f a [&hellip;]\" \/>\n<meta property=\"og:url\" content=\"https:\/\/sot-agency.cz\/?page_id=43\" \/>\n<meta property=\"og:site_name\" content=\"SOT AGENCY\" \/>\n<meta property=\"article:publisher\" content=\"https:\/\/www.facebook.com\/profile.php?id=100090887411131\" \/>\n<meta property=\"article:modified_time\" content=\"2023-05-09T19:09:56+00:00\" \/>\n<meta property=\"og:image\" content=\"https:\/\/sot-agency.cz\/wp-content\/uploads\/2023\/05\/cctv-security-online-camera-with-house-plan-1-scaled.jpg\" \/>\n\t<meta property=\"og:image:width\" content=\"2560\" \/>\n\t<meta property=\"og:image:height\" content=\"1708\" \/>\n\t<meta property=\"og:image:type\" content=\"image\/jpeg\" \/>\n<meta name=\"twitter:card\" content=\"summary_large_image\" \/>\n<meta name=\"twitter:label1\" content=\"Odhadovan\u00e1 doba \u010dten\u00ed\" \/>\n\t<meta name=\"twitter:data1\" content=\"4 minuty\" \/>\n<script type=\"application\/ld+json\" class=\"yoast-schema-graph\">{\"@context\":\"https:\/\/schema.org\",\"@graph\":[{\"@type\":\"WebPage\",\"@id\":\"https:\/\/sot-agency.cz\/?page_id=43\",\"url\":\"https:\/\/sot-agency.cz\/?page_id=43\",\"name\":\"Objektov\u00e1 bezpe\u010dnost - SOT AGENCY\",\"isPartOf\":{\"@id\":\"https:\/\/sot-agency.cz\/#website\"},\"datePublished\":\"2023-05-06T16:21:48+00:00\",\"dateModified\":\"2023-05-09T19:09:56+00:00\",\"breadcrumb\":{\"@id\":\"https:\/\/sot-agency.cz\/?page_id=43#breadcrumb\"},\"inLanguage\":\"cs\",\"potentialAction\":[{\"@type\":\"ReadAction\",\"target\":[\"https:\/\/sot-agency.cz\/?page_id=43\"]}]},{\"@type\":\"BreadcrumbList\",\"@id\":\"https:\/\/sot-agency.cz\/?page_id=43#breadcrumb\",\"itemListElement\":[{\"@type\":\"ListItem\",\"position\":1,\"name\":\"Dom\u016f\",\"item\":\"https:\/\/sot-agency.cz\/\"},{\"@type\":\"ListItem\",\"position\":2,\"name\":\"Objektov\u00e1 bezpe\u010dnost\"}]},{\"@type\":\"WebSite\",\"@id\":\"https:\/\/sot-agency.cz\/#website\",\"url\":\"https:\/\/sot-agency.cz\/\",\"name\":\"SOT AGENCY\",\"description\":\"bezpe\u010dnostn\u00ed agentura\",\"publisher\":{\"@id\":\"https:\/\/sot-agency.cz\/#organization\"},\"potentialAction\":[{\"@type\":\"SearchAction\",\"target\":{\"@type\":\"EntryPoint\",\"urlTemplate\":\"https:\/\/sot-agency.cz\/?s={search_term_string}\"},\"query-input\":\"required name=search_term_string\"}],\"inLanguage\":\"cs\"},{\"@type\":\"Organization\",\"@id\":\"https:\/\/sot-agency.cz\/#organization\",\"name\":\"SOT AGENCY s.r.o.\",\"url\":\"https:\/\/sot-agency.cz\/\",\"logo\":{\"@type\":\"ImageObject\",\"inLanguage\":\"cs\",\"@id\":\"https:\/\/sot-agency.cz\/#\/schema\/logo\/image\/\",\"url\":\"https:\/\/sot-agency.cz\/wp-content\/uploads\/2023\/05\/cropped-LOGO-SOT-SECURITY_cernobile_plasticke.png\",\"contentUrl\":\"https:\/\/sot-agency.cz\/wp-content\/uploads\/2023\/05\/cropped-LOGO-SOT-SECURITY_cernobile_plasticke.png\",\"width\":512,\"height\":512,\"caption\":\"SOT AGENCY s.r.o.\"},\"image\":{\"@id\":\"https:\/\/sot-agency.cz\/#\/schema\/logo\/image\/\"},\"sameAs\":[\"https:\/\/www.facebook.com\/profile.php?id=100090887411131\"]}]}<\/script>\n<!-- \/ Yoast SEO plugin. -->","yoast_head_json":{"title":"Objektov\u00e1 bezpe\u010dnost - SOT AGENCY","robots":{"index":"index","follow":"follow","max-snippet":"max-snippet:-1","max-image-preview":"max-image-preview:large","max-video-preview":"max-video-preview:-1"},"canonical":"https:\/\/sot-agency.cz\/?page_id=43","og_locale":"cs_CZ","og_type":"article","og_title":"Objektov\u00e1 bezpe\u010dnost - SOT AGENCY","og_description":"Na\u0161e spole\u010dnost se specializuje na objektovou bezpe\u010dnost v pr\u016fmyslov\u00fdch, obchodn\u00edch, logistick\u00fdch, v\u00fdrobn\u00edch i administrativn\u00edch objektech a are\u00e1lech. V tomto oboru bezpe\u010dnostn\u00ed problematiky jsme se za dobu p\u016fsoben\u00ed na trhu stali vysoce cen\u011bn\u00fdmi odborn\u00edky a pat\u0159\u00edme ke spole\u010dnostem, kter\u00e9 v tomto oboru ud\u00e1vaj\u00ed trend. Fyzick\u00e1 ostraha objektu 365\/24\/7 Kontrola vjezd\u016f a v\u00fdjezd\u016f vozidel Kontrola vstup\u016f a [&hellip;]","og_url":"https:\/\/sot-agency.cz\/?page_id=43","og_site_name":"SOT AGENCY","article_publisher":"https:\/\/www.facebook.com\/profile.php?id=100090887411131","article_modified_time":"2023-05-09T19:09:56+00:00","og_image":[{"width":2560,"height":1708,"url":"https:\/\/sot-agency.cz\/wp-content\/uploads\/2023\/05\/cctv-security-online-camera-with-house-plan-1-scaled.jpg","type":"image\/jpeg"}],"twitter_card":"summary_large_image","twitter_misc":{"Odhadovan\u00e1 doba \u010dten\u00ed":"4 minuty"},"schema":{"@context":"https:\/\/schema.org","@graph":[{"@type":"WebPage","@id":"https:\/\/sot-agency.cz\/?page_id=43","url":"https:\/\/sot-agency.cz\/?page_id=43","name":"Objektov\u00e1 bezpe\u010dnost - SOT AGENCY","isPartOf":{"@id":"https:\/\/sot-agency.cz\/#website"},"datePublished":"2023-05-06T16:21:48+00:00","dateModified":"2023-05-09T19:09:56+00:00","breadcrumb":{"@id":"https:\/\/sot-agency.cz\/?page_id=43#breadcrumb"},"inLanguage":"cs","potentialAction":[{"@type":"ReadAction","target":["https:\/\/sot-agency.cz\/?page_id=43"]}]},{"@type":"BreadcrumbList","@id":"https:\/\/sot-agency.cz\/?page_id=43#breadcrumb","itemListElement":[{"@type":"ListItem","position":1,"name":"Dom\u016f","item":"https:\/\/sot-agency.cz\/"},{"@type":"ListItem","position":2,"name":"Objektov\u00e1 bezpe\u010dnost"}]},{"@type":"WebSite","@id":"https:\/\/sot-agency.cz\/#website","url":"https:\/\/sot-agency.cz\/","name":"SOT AGENCY","description":"bezpe\u010dnostn\u00ed agentura","publisher":{"@id":"https:\/\/sot-agency.cz\/#organization"},"potentialAction":[{"@type":"SearchAction","target":{"@type":"EntryPoint","urlTemplate":"https:\/\/sot-agency.cz\/?s={search_term_string}"},"query-input":"required name=search_term_string"}],"inLanguage":"cs"},{"@type":"Organization","@id":"https:\/\/sot-agency.cz\/#organization","name":"SOT AGENCY s.r.o.","url":"https:\/\/sot-agency.cz\/","logo":{"@type":"ImageObject","inLanguage":"cs","@id":"https:\/\/sot-agency.cz\/#\/schema\/logo\/image\/","url":"https:\/\/sot-agency.cz\/wp-content\/uploads\/2023\/05\/cropped-LOGO-SOT-SECURITY_cernobile_plasticke.png","contentUrl":"https:\/\/sot-agency.cz\/wp-content\/uploads\/2023\/05\/cropped-LOGO-SOT-SECURITY_cernobile_plasticke.png","width":512,"height":512,"caption":"SOT AGENCY s.r.o."},"image":{"@id":"https:\/\/sot-agency.cz\/#\/schema\/logo\/image\/"},"sameAs":["https:\/\/www.facebook.com\/profile.php?id=100090887411131"]}]}},"_links":{"self":[{"href":"https:\/\/sot-agency.cz\/index.php?rest_route=\/wp\/v2\/pages\/43","targetHints":{"allow":["GET"]}}],"collection":[{"href":"https:\/\/sot-agency.cz\/index.php?rest_route=\/wp\/v2\/pages"}],"about":[{"href":"https:\/\/sot-agency.cz\/index.php?rest_route=\/wp\/v2\/types\/page"}],"author":[{"embeddable":true,"href":"https:\/\/sot-agency.cz\/index.php?rest_route=\/wp\/v2\/users\/1"}],"replies":[{"embeddable":true,"href":"https:\/\/sot-agency.cz\/index.php?rest_route=%2Fwp%2Fv2%2Fcomments&post=43"}],"version-history":[{"count":13,"href":"https:\/\/sot-agency.cz\/index.php?rest_route=\/wp\/v2\/pages\/43\/revisions"}],"predecessor-version":[{"id":186,"href":"https:\/\/sot-agency.cz\/index.php?rest_route=\/wp\/v2\/pages\/43\/revisions\/186"}],"wp:attachment":[{"href":"https:\/\/sot-agency.cz\/index.php?rest_route=%2Fwp%2Fv2%2Fmedia&parent=43"}],"curies":[{"name":"wp","href":"https:\/\/api.w.org\/{rel}","templated":true}]}}