{"id":45,"date":"2023-05-06T16:22:13","date_gmt":"2023-05-06T16:22:13","guid":{"rendered":"https:\/\/info.sot-agency.cz\/?page_id=45"},"modified":"2023-05-09T15:07:07","modified_gmt":"2023-05-09T15:07:07","slug":"fyzicka-ostraha-osob","status":"publish","type":"page","link":"https:\/\/sot-agency.cz\/?page_id=45","title":{"rendered":"Fyzick\u00e1 ostraha osob"},"content":{"rendered":"<p>[et_pb_section fb_built=&#8220;1&#8243; _builder_version=&#8220;4.10.2&#8243; _module_preset=&#8220;default&#8220; global_colors_info=&#8220;{}&#8220;][et_pb_row column_structure=&#8220;1_2,1_2&#8243; _builder_version=&#8220;4.10.2&#8243; _module_preset=&#8220;default&#8220; global_colors_info=&#8220;{}&#8220;][et_pb_column type=&#8220;1_2&#8243; _builder_version=&#8220;4.10.2&#8243; _module_preset=&#8220;default&#8220; global_colors_info=&#8220;{}&#8220;][et_pb_image src=&#8220;http:\/\/sot-agency.cz\/wp-content\/uploads\/2023\/05\/shutterstock_172174073-scaled.jpg&#8220; title_text=&#8220;shutterstock_172174073&#8243; _builder_version=&#8220;4.10.2&#8243; _module_preset=&#8220;default&#8220; global_colors_info=&#8220;{}&#8220;][\/et_pb_image][et_pb_text _builder_version=&#8220;4.10.2&#8243; _module_preset=&#8220;default&#8220; hover_enabled=&#8220;0&#8243; global_colors_info=&#8220;{}&#8220; sticky_enabled=&#8220;0&#8243;]<\/p>\n<h1 style=\"text-align: center;\"><strong>Ochr\u00e1nce (bodyguard service)<\/strong><\/h1>\n<p><span>Pot\u0159ebujete b\u00fdt doprov\u00e1zeni ozbrojen\u00fdmi profesion\u00e1ly? Jsme si jisti, \u017ee pr\u00e1v\u011b na n\u00e1s se m\u016f\u017eete spolehnout v ka\u017ed\u00e9 situaci.<\/span><\/p>\n<p><span>Mnohalet\u00e9 zku\u0161enosti z rizikov\u00fdch oblast\u00ed v zahrani\u010d\u00ed i doma jsou hlavn\u00edm garantem kvality n\u00e1mi poskytovan\u00fdch slu\u017eeb. Na\u0161e spole\u010dnost v\u00e1m nab\u00edz\u00ed kompletn\u00ed bezpe\u010dnostn\u00ed servis, zabezpe\u010den\u00fd profesion\u00e1ly, kte\u0159\u00ed se neboj\u00ed vyu\u017e\u00edt v\u0161ech dostupn\u00fdch prost\u0159edk\u016f pro va\u0161e bezpe\u010d\u00ed.<\/span><\/p>\n<p><span><strong>P\u0159\u00edklady vyu\u017eit\u00ed ozbrojen\u00e9ho doprovodu:<\/strong><\/span><\/p>\n<ul>\n<li><span>obchodn\u00ed jedn\u00e1n\u00ed<\/span><\/li>\n<li><span>pohyb s v\u011bt\u0161\u00edm finan\u010dn\u00edm obnosem \u010di jin\u00fdmi cennostmi<\/span><\/li>\n<li><span>ochrana V\u00e1s a dal\u0161\u00edch z\u00fa\u010dastn\u011bn\u00fdch osob v p\u0159\u00edpad\u011b vyd\u00edr\u00e1n\u00ed<\/span><\/li>\n<li><span>ochrana p\u0159ed nebezpe\u010dn\u00fdm pron\u00e1sledov\u00e1n\u00edm osobou nebo skupinou<\/span><\/li>\n<li>ochrana Va\u0161ich d\u011bt\u00ed p\u0159i \u0161koln\u00edch, mimo\u0161koln\u00edch a dom\u00e1c\u00edch aktivit\u00e1ch<\/li>\n<\/ul>\n<ul><\/ul>\n<p>[\/et_pb_text][\/et_pb_column][et_pb_column type=&#8220;1_2&#8243; _builder_version=&#8220;4.10.2&#8243; _module_preset=&#8220;default&#8220; global_colors_info=&#8220;{}&#8220;][et_pb_image src=&#8220;http:\/\/sot-agency.cz\/wp-content\/uploads\/2023\/05\/shutterstock_336770066-scaled.jpg&#8220; title_text=&#8220;shutterstock_336770066&#8243; _builder_version=&#8220;4.10.2&#8243; _module_preset=&#8220;default&#8220; global_colors_info=&#8220;{}&#8220;][\/et_pb_image][et_pb_text _builder_version=&#8220;4.10.2&#8243; _module_preset=&#8220;default&#8220; hover_enabled=&#8220;0&#8243; global_colors_info=&#8220;{}&#8220; sticky_enabled=&#8220;0&#8243;]<\/p>\n<h1 style=\"text-align: center;\"><strong>\u0158idi\u010d (ochr\u00e1nce)<\/strong><\/h1>\n<p><span>Nem\u00e1te chu\u0165 nebo \u010das \u0159\u00eddit vlastn\u00ed v\u016fz a pot\u0159ebujete odv\u00e9zt na sch\u016fzku \u010di jinou aktivitu?<\/span><\/p>\n<p><span>Pot\u0159ebujete se soust\u0159edit na jedn\u00e1n\u00ed \u2026. a v\u0161e ostatn\u00ed na n\u011bkoho hodit?<\/span><\/p>\n<p><span>V r\u00e1mci jiho\u010desk\u00e9ho kraje s dojezdem po cel\u00e9 \u010cR zabezpe\u010dujeme pron\u00e1jem vozu s \u0159idi\u010dem-ochr\u00e1ncem.<\/span><\/p>\n<p><span>Sou\u010d\u00e1st\u00ed vozu je kompletn\u00ed vybaven\u00ed pro osobn\u00ed ochranu klienta a nechyb\u00ed ani profesion\u00e1ln\u00ed v\u00fdbava k poskytnut\u00ed prvn\u00ed pomoci.<\/span><\/p>\n<p><span><strong>P\u0159\u00edklady vyu\u017eit\u00ed vozu s \u0159idi\u010dem-ochr\u00e1ncem:<\/strong><\/span><\/p>\n<ul>\n<li><span>obchodn\u00ed jedn\u00e1n\u00ed<\/span><\/li>\n<li><span>skryt\u00fd p\u0159evoz osob\u00a0<\/span><\/li>\n<li><span>p\u0159evozy \u010dlen\u016f rodiny<\/span><\/li>\n<li><span>n\u00e1ro\u010dn\u00e9 pracovn\u00ed cesty<\/span><\/li>\n<\/ul>\n<p>[\/et_pb_text][\/et_pb_column][\/et_pb_row][\/et_pb_section]<\/p>\n","protected":false},"excerpt":{"rendered":"<p>Ochr\u00e1nce (bodyguard service) Pot\u0159ebujete b\u00fdt doprov\u00e1zeni ozbrojen\u00fdmi profesion\u00e1ly? Jsme si jisti, \u017ee pr\u00e1v\u011b na n\u00e1s se m\u016f\u017eete spolehnout v ka\u017ed\u00e9 situaci. Mnohalet\u00e9 zku\u0161enosti z rizikov\u00fdch oblast\u00ed v zahrani\u010d\u00ed i doma jsou hlavn\u00edm garantem kvality n\u00e1mi poskytovan\u00fdch slu\u017eeb. Na\u0161e spole\u010dnost v\u00e1m nab\u00edz\u00ed kompletn\u00ed bezpe\u010dnostn\u00ed servis, zabezpe\u010den\u00fd profesion\u00e1ly, kte\u0159\u00ed se neboj\u00ed vyu\u017e\u00edt v\u0161ech dostupn\u00fdch prost\u0159edk\u016f pro va\u0161e [&hellip;]<\/p>\n","protected":false},"author":1,"featured_media":0,"parent":0,"menu_order":0,"comment_status":"closed","ping_status":"closed","template":"","meta":{"_et_pb_use_builder":"on","_et_pb_old_content":"","_et_gb_content_width":"","footnotes":""},"class_list":["post-45","page","type-page","status-publish","hentry"],"yoast_head":"<!-- This site is optimized with the Yoast SEO plugin v20.7 - https:\/\/yoast.com\/wordpress\/plugins\/seo\/ -->\n<title>Fyzick\u00e1 ostraha osob - SOT AGENCY<\/title>\n<meta name=\"robots\" content=\"index, follow, max-snippet:-1, max-image-preview:large, max-video-preview:-1\" \/>\n<link rel=\"canonical\" href=\"https:\/\/sot-agency.cz\/?page_id=45\" \/>\n<meta property=\"og:locale\" content=\"cs_CZ\" \/>\n<meta property=\"og:type\" content=\"article\" \/>\n<meta property=\"og:title\" content=\"Fyzick\u00e1 ostraha osob - SOT AGENCY\" \/>\n<meta property=\"og:description\" content=\"Ochr\u00e1nce (bodyguard service) Pot\u0159ebujete b\u00fdt doprov\u00e1zeni ozbrojen\u00fdmi profesion\u00e1ly? Jsme si jisti, \u017ee pr\u00e1v\u011b na n\u00e1s se m\u016f\u017eete spolehnout v ka\u017ed\u00e9 situaci. Mnohalet\u00e9 zku\u0161enosti z rizikov\u00fdch oblast\u00ed v zahrani\u010d\u00ed i doma jsou hlavn\u00edm garantem kvality n\u00e1mi poskytovan\u00fdch slu\u017eeb. Na\u0161e spole\u010dnost v\u00e1m nab\u00edz\u00ed kompletn\u00ed bezpe\u010dnostn\u00ed servis, zabezpe\u010den\u00fd profesion\u00e1ly, kte\u0159\u00ed se neboj\u00ed vyu\u017e\u00edt v\u0161ech dostupn\u00fdch prost\u0159edk\u016f pro va\u0161e [&hellip;]\" \/>\n<meta property=\"og:url\" content=\"https:\/\/sot-agency.cz\/?page_id=45\" \/>\n<meta property=\"og:site_name\" content=\"SOT AGENCY\" \/>\n<meta property=\"article:publisher\" content=\"https:\/\/www.facebook.com\/profile.php?id=100090887411131\" \/>\n<meta property=\"article:modified_time\" content=\"2023-05-09T15:07:07+00:00\" \/>\n<meta property=\"og:image\" content=\"https:\/\/sot-agency.cz\/wp-content\/uploads\/2023\/05\/cctv-security-online-camera-with-house-plan-1-scaled.jpg\" \/>\n\t<meta property=\"og:image:width\" content=\"2560\" \/>\n\t<meta property=\"og:image:height\" content=\"1708\" \/>\n\t<meta property=\"og:image:type\" content=\"image\/jpeg\" \/>\n<meta name=\"twitter:card\" content=\"summary_large_image\" \/>\n<meta name=\"twitter:label1\" content=\"Odhadovan\u00e1 doba \u010dten\u00ed\" \/>\n\t<meta name=\"twitter:data1\" content=\"2 minuty\" \/>\n<script type=\"application\/ld+json\" class=\"yoast-schema-graph\">{\"@context\":\"https:\/\/schema.org\",\"@graph\":[{\"@type\":\"WebPage\",\"@id\":\"https:\/\/sot-agency.cz\/?page_id=45\",\"url\":\"https:\/\/sot-agency.cz\/?page_id=45\",\"name\":\"Fyzick\u00e1 ostraha osob - SOT AGENCY\",\"isPartOf\":{\"@id\":\"https:\/\/sot-agency.cz\/#website\"},\"datePublished\":\"2023-05-06T16:22:13+00:00\",\"dateModified\":\"2023-05-09T15:07:07+00:00\",\"breadcrumb\":{\"@id\":\"https:\/\/sot-agency.cz\/?page_id=45#breadcrumb\"},\"inLanguage\":\"cs\",\"potentialAction\":[{\"@type\":\"ReadAction\",\"target\":[\"https:\/\/sot-agency.cz\/?page_id=45\"]}]},{\"@type\":\"BreadcrumbList\",\"@id\":\"https:\/\/sot-agency.cz\/?page_id=45#breadcrumb\",\"itemListElement\":[{\"@type\":\"ListItem\",\"position\":1,\"name\":\"Dom\u016f\",\"item\":\"https:\/\/sot-agency.cz\/\"},{\"@type\":\"ListItem\",\"position\":2,\"name\":\"Fyzick\u00e1 ostraha osob\"}]},{\"@type\":\"WebSite\",\"@id\":\"https:\/\/sot-agency.cz\/#website\",\"url\":\"https:\/\/sot-agency.cz\/\",\"name\":\"SOT AGENCY\",\"description\":\"bezpe\u010dnostn\u00ed agentura\",\"publisher\":{\"@id\":\"https:\/\/sot-agency.cz\/#organization\"},\"potentialAction\":[{\"@type\":\"SearchAction\",\"target\":{\"@type\":\"EntryPoint\",\"urlTemplate\":\"https:\/\/sot-agency.cz\/?s={search_term_string}\"},\"query-input\":\"required name=search_term_string\"}],\"inLanguage\":\"cs\"},{\"@type\":\"Organization\",\"@id\":\"https:\/\/sot-agency.cz\/#organization\",\"name\":\"SOT AGENCY s.r.o.\",\"url\":\"https:\/\/sot-agency.cz\/\",\"logo\":{\"@type\":\"ImageObject\",\"inLanguage\":\"cs\",\"@id\":\"https:\/\/sot-agency.cz\/#\/schema\/logo\/image\/\",\"url\":\"https:\/\/sot-agency.cz\/wp-content\/uploads\/2023\/05\/cropped-LOGO-SOT-SECURITY_cernobile_plasticke.png\",\"contentUrl\":\"https:\/\/sot-agency.cz\/wp-content\/uploads\/2023\/05\/cropped-LOGO-SOT-SECURITY_cernobile_plasticke.png\",\"width\":512,\"height\":512,\"caption\":\"SOT AGENCY s.r.o.\"},\"image\":{\"@id\":\"https:\/\/sot-agency.cz\/#\/schema\/logo\/image\/\"},\"sameAs\":[\"https:\/\/www.facebook.com\/profile.php?id=100090887411131\"]}]}<\/script>\n<!-- \/ Yoast SEO plugin. -->","yoast_head_json":{"title":"Fyzick\u00e1 ostraha osob - SOT AGENCY","robots":{"index":"index","follow":"follow","max-snippet":"max-snippet:-1","max-image-preview":"max-image-preview:large","max-video-preview":"max-video-preview:-1"},"canonical":"https:\/\/sot-agency.cz\/?page_id=45","og_locale":"cs_CZ","og_type":"article","og_title":"Fyzick\u00e1 ostraha osob - SOT AGENCY","og_description":"Ochr\u00e1nce (bodyguard service) Pot\u0159ebujete b\u00fdt doprov\u00e1zeni ozbrojen\u00fdmi profesion\u00e1ly? Jsme si jisti, \u017ee pr\u00e1v\u011b na n\u00e1s se m\u016f\u017eete spolehnout v ka\u017ed\u00e9 situaci. Mnohalet\u00e9 zku\u0161enosti z rizikov\u00fdch oblast\u00ed v zahrani\u010d\u00ed i doma jsou hlavn\u00edm garantem kvality n\u00e1mi poskytovan\u00fdch slu\u017eeb. Na\u0161e spole\u010dnost v\u00e1m nab\u00edz\u00ed kompletn\u00ed bezpe\u010dnostn\u00ed servis, zabezpe\u010den\u00fd profesion\u00e1ly, kte\u0159\u00ed se neboj\u00ed vyu\u017e\u00edt v\u0161ech dostupn\u00fdch prost\u0159edk\u016f pro va\u0161e [&hellip;]","og_url":"https:\/\/sot-agency.cz\/?page_id=45","og_site_name":"SOT AGENCY","article_publisher":"https:\/\/www.facebook.com\/profile.php?id=100090887411131","article_modified_time":"2023-05-09T15:07:07+00:00","og_image":[{"width":2560,"height":1708,"url":"https:\/\/sot-agency.cz\/wp-content\/uploads\/2023\/05\/cctv-security-online-camera-with-house-plan-1-scaled.jpg","type":"image\/jpeg"}],"twitter_card":"summary_large_image","twitter_misc":{"Odhadovan\u00e1 doba \u010dten\u00ed":"2 minuty"},"schema":{"@context":"https:\/\/schema.org","@graph":[{"@type":"WebPage","@id":"https:\/\/sot-agency.cz\/?page_id=45","url":"https:\/\/sot-agency.cz\/?page_id=45","name":"Fyzick\u00e1 ostraha osob - SOT AGENCY","isPartOf":{"@id":"https:\/\/sot-agency.cz\/#website"},"datePublished":"2023-05-06T16:22:13+00:00","dateModified":"2023-05-09T15:07:07+00:00","breadcrumb":{"@id":"https:\/\/sot-agency.cz\/?page_id=45#breadcrumb"},"inLanguage":"cs","potentialAction":[{"@type":"ReadAction","target":["https:\/\/sot-agency.cz\/?page_id=45"]}]},{"@type":"BreadcrumbList","@id":"https:\/\/sot-agency.cz\/?page_id=45#breadcrumb","itemListElement":[{"@type":"ListItem","position":1,"name":"Dom\u016f","item":"https:\/\/sot-agency.cz\/"},{"@type":"ListItem","position":2,"name":"Fyzick\u00e1 ostraha osob"}]},{"@type":"WebSite","@id":"https:\/\/sot-agency.cz\/#website","url":"https:\/\/sot-agency.cz\/","name":"SOT AGENCY","description":"bezpe\u010dnostn\u00ed agentura","publisher":{"@id":"https:\/\/sot-agency.cz\/#organization"},"potentialAction":[{"@type":"SearchAction","target":{"@type":"EntryPoint","urlTemplate":"https:\/\/sot-agency.cz\/?s={search_term_string}"},"query-input":"required name=search_term_string"}],"inLanguage":"cs"},{"@type":"Organization","@id":"https:\/\/sot-agency.cz\/#organization","name":"SOT AGENCY s.r.o.","url":"https:\/\/sot-agency.cz\/","logo":{"@type":"ImageObject","inLanguage":"cs","@id":"https:\/\/sot-agency.cz\/#\/schema\/logo\/image\/","url":"https:\/\/sot-agency.cz\/wp-content\/uploads\/2023\/05\/cropped-LOGO-SOT-SECURITY_cernobile_plasticke.png","contentUrl":"https:\/\/sot-agency.cz\/wp-content\/uploads\/2023\/05\/cropped-LOGO-SOT-SECURITY_cernobile_plasticke.png","width":512,"height":512,"caption":"SOT AGENCY s.r.o."},"image":{"@id":"https:\/\/sot-agency.cz\/#\/schema\/logo\/image\/"},"sameAs":["https:\/\/www.facebook.com\/profile.php?id=100090887411131"]}]}},"_links":{"self":[{"href":"https:\/\/sot-agency.cz\/index.php?rest_route=\/wp\/v2\/pages\/45","targetHints":{"allow":["GET"]}}],"collection":[{"href":"https:\/\/sot-agency.cz\/index.php?rest_route=\/wp\/v2\/pages"}],"about":[{"href":"https:\/\/sot-agency.cz\/index.php?rest_route=\/wp\/v2\/types\/page"}],"author":[{"embeddable":true,"href":"https:\/\/sot-agency.cz\/index.php?rest_route=\/wp\/v2\/users\/1"}],"replies":[{"embeddable":true,"href":"https:\/\/sot-agency.cz\/index.php?rest_route=%2Fwp%2Fv2%2Fcomments&post=45"}],"version-history":[{"count":5,"href":"https:\/\/sot-agency.cz\/index.php?rest_route=\/wp\/v2\/pages\/45\/revisions"}],"predecessor-version":[{"id":180,"href":"https:\/\/sot-agency.cz\/index.php?rest_route=\/wp\/v2\/pages\/45\/revisions\/180"}],"wp:attachment":[{"href":"https:\/\/sot-agency.cz\/index.php?rest_route=%2Fwp%2Fv2%2Fmedia&parent=45"}],"curies":[{"name":"wp","href":"https:\/\/api.w.org\/{rel}","templated":true}]}}