{"id":49,"date":"2023-05-06T16:24:40","date_gmt":"2023-05-06T16:24:40","guid":{"rendered":"https:\/\/info.sot-agency.cz\/?page_id=49"},"modified":"2023-05-15T10:13:43","modified_gmt":"2023-05-15T10:13:43","slug":"bezpecnostni-poradenstvi","status":"publish","type":"page","link":"https:\/\/sot-agency.cz\/?page_id=49","title":{"rendered":"Bezpe\u010dnostn\u00ed poradenstv\u00ed"},"content":{"rendered":"<p>[et_pb_section fb_built=&#8220;1&#8243; _builder_version=&#8220;4.10.2&#8243; _module_preset=&#8220;default&#8220; global_colors_info=&#8220;{}&#8220;][et_pb_row column_structure=&#8220;1_2,1_2&#8243; _builder_version=&#8220;4.10.2&#8243; _module_preset=&#8220;default&#8220; global_colors_info=&#8220;{}&#8220;][et_pb_column type=&#8220;1_2&#8243; _builder_version=&#8220;4.10.2&#8243; _module_preset=&#8220;default&#8220; global_colors_info=&#8220;{}&#8220;][et_pb_image src=&#8220;http:\/\/sot-agency.cz\/wp-content\/uploads\/2023\/05\/aerial-view-new-factory-building-producing-shipping-industrial-equipment-1024&#215;683.jpg&#8220; title_text=&#8220;Aerial view of new factory building for producing and shipping of industrial equipment&#8220; _builder_version=&#8220;4.10.2&#8243; _module_preset=&#8220;default&#8220; global_colors_info=&#8220;{}&#8220;][\/et_pb_image][\/et_pb_column][et_pb_column type=&#8220;1_2&#8243; _builder_version=&#8220;4.10.2&#8243; _module_preset=&#8220;default&#8220; global_colors_info=&#8220;{}&#8220;][et_pb_text _builder_version=&#8220;4.10.2&#8243; _module_preset=&#8220;default&#8220; text_font_size=&#8220;17px&#8220; global_colors_info=&#8220;{}&#8220;]<\/p>\n<h1 class=\"-wm-MsoNormal\"><strong><span>Prov\u00e1d\u00edme bezpe\u010dnostn\u00ed audity<\/span><\/strong><\/h1>\n<p class=\"-wm-MsoNormal\"><span><\/span><\/p>\n<p class=\"-wm-MsoNormal\"><span>C\u00edlem ka\u017ed\u00e9ho bezpe\u010dnostn\u00edho auditu je nez\u00e1visl\u00e9 a objektivn\u00ed posouzen\u00ed st\u00e1vaj\u00edc\u00edho stavu bezpe\u010dnosti, zji\u0161t\u011bn\u00ed a odhalen\u00ed ve\u0161ker\u00fdch nedostatk\u016f, zhodnocen\u00ed \u00fa\u010dinnosti opat\u0159en\u00ed a navrhnut\u00ed \u0159e\u0161en\u00ed ke zv\u00fd\u0161en\u00ed \u00farovn\u011b bezpe\u010dnosti v&nbsp;posuzovan\u00e9 spole\u010dnosti. <\/span><\/p>\n<p class=\"-wm-MsoNormal\"><span>Bezpe\u010dnostn\u00ed audit je&nbsp;<\/span><span>systematick\u00fd a podrobn\u011b zdokumentovan\u00fd proces z\u00edsk\u00e1v\u00e1n\u00ed auditn\u00edch informac\u00ed, jeho\u017e v\u00fdstupem je auditn\u00ed zpr\u00e1va<\/span><span>.<\/span><\/p>\n<p>[\/et_pb_text][\/et_pb_column][\/et_pb_row][et_pb_row column_structure=&#8220;1_2,1_2&#8243; _builder_version=&#8220;4.10.2&#8243; _module_preset=&#8220;default&#8220; global_colors_info=&#8220;{}&#8220;][et_pb_column type=&#8220;1_2&#8243; _builder_version=&#8220;4.10.2&#8243; _module_preset=&#8220;default&#8220; global_colors_info=&#8220;{}&#8220;][et_pb_image src=&#8220;http:\/\/sot-agency.cz\/wp-content\/uploads\/2023\/05\/business-team-manager-meeting-1024&#215;683.jpg&#8220; title_text=&#8220;business team and manager in a meeting&#8220; _builder_version=&#8220;4.10.2&#8243; _module_preset=&#8220;default&#8220; global_colors_info=&#8220;{}&#8220;][\/et_pb_image][\/et_pb_column][et_pb_column type=&#8220;1_2&#8243; _builder_version=&#8220;4.10.2&#8243; _module_preset=&#8220;default&#8220; global_colors_info=&#8220;{}&#8220;][et_pb_text _builder_version=&#8220;4.10.2&#8243; _module_preset=&#8220;default&#8220; text_font_size=&#8220;17px&#8220; hover_enabled=&#8220;0&#8243; global_colors_info=&#8220;{}&#8220; sticky_enabled=&#8220;0&#8243;]<\/p>\n<h1><strong>Zaji\u0161tujeme rizikov\u00e9 obchodn\u00ed sch\u016fzky (TRAVEL RISK MANAGEMENT)<\/strong><\/h1>\n<p><span><\/span><\/p>\n<p><span>Nab\u00edz\u00edme mo\u017enost komplexn\u00edho zaji\u0161t\u011bn\u00ed rizikov\u00fdch obchodn\u00edch sch\u016fzek od prov\u011b\u0159en\u00ed protistrany a\u017e po samotnou realizaci obchodn\u00edho jedn\u00e1n\u00ed. <\/span><\/p>\n<p><span>Disponujeme flotilou reprezentativn\u00edch vozidel a speci\u00e1ln\u011b vy\u0161kolen\u00fdm bezpe\u010dnostn\u00edm person\u00e1lem, v\u010detn\u011b materi\u00e1ln\u011b technick\u00e9ho vybaven\u00ed.&nbsp;<\/span><\/p>\n<p>[\/et_pb_text][\/et_pb_column][\/et_pb_row][et_pb_row column_structure=&#8220;1_2,1_2&#8243; _builder_version=&#8220;4.10.2&#8243; _module_preset=&#8220;default&#8220; global_colors_info=&#8220;{}&#8220;][et_pb_column type=&#8220;1_2&#8243; _builder_version=&#8220;4.10.2&#8243; _module_preset=&#8220;default&#8220; global_colors_info=&#8220;{}&#8220;][et_pb_image src=&#8220;http:\/\/sot-agency.cz\/wp-content\/uploads\/2023\/05\/black-businessman-using-computer-laptop-980&#215;653-1.jpg&#8220; title_text=&#8220;Black businessman using computer laptop&#8220; _builder_version=&#8220;4.10.2&#8243; _module_preset=&#8220;default&#8220; global_colors_info=&#8220;{}&#8220;][\/et_pb_image][\/et_pb_column][et_pb_column type=&#8220;1_2&#8243; _builder_version=&#8220;4.10.2&#8243; _module_preset=&#8220;default&#8220; global_colors_info=&#8220;{}&#8220;][et_pb_text _builder_version=&#8220;4.10.2&#8243; _module_preset=&#8220;default&#8220; text_text_color=&#8220;#000000&#8243; text_font_size=&#8220;17px&#8220; hover_enabled=&#8220;0&#8243; global_colors_info=&#8220;{}&#8220; sticky_enabled=&#8220;0&#8243;]<\/p>\n<h1><strong>Prov\u00e1d\u00edme nez\u00e1visl\u00e9 bezpe\u010dnostn\u00ed poradenstv\u00ed<\/strong><\/h1>\n<p><span><\/span><\/p>\n<p><span>Na z\u00e1klad\u011b individu\u00e1ln\u00edch pot\u0159eb klienta (fyzick\u00e1 nebo pr\u00e1vnick\u00e1 osoba), provedeme nezbytn\u00e1 intern\u00ed \u0161et\u0159en\u00ed s&nbsp;c\u00edlem nastavit vhodn\u00e9 bezpe\u010dnost\u00ed postupy. <\/span><\/p>\n<p><span>Hlavn\u00edm c\u00edlem je&nbsp;&nbsp;eliminace hrozeb a rizik, kter\u00e9 mohou zp\u016fsobit ekonomick\u00e9 ztr\u00e1ty a p\u0159\u00edpadn\u00e9 jin\u00e9 \u00fajmy.<\/span><\/p>\n<p>[\/et_pb_text][\/et_pb_column][\/et_pb_row][\/et_pb_section]<\/p>\n","protected":false},"excerpt":{"rendered":"<p>Prov\u00e1d\u00edme bezpe\u010dnostn\u00ed audity C\u00edlem ka\u017ed\u00e9ho bezpe\u010dnostn\u00edho auditu je nez\u00e1visl\u00e9 a objektivn\u00ed posouzen\u00ed st\u00e1vaj\u00edc\u00edho stavu bezpe\u010dnosti, zji\u0161t\u011bn\u00ed a odhalen\u00ed ve\u0161ker\u00fdch nedostatk\u016f, zhodnocen\u00ed \u00fa\u010dinnosti opat\u0159en\u00ed a navrhnut\u00ed \u0159e\u0161en\u00ed ke zv\u00fd\u0161en\u00ed \u00farovn\u011b bezpe\u010dnosti v&nbsp;posuzovan\u00e9 spole\u010dnosti. Bezpe\u010dnostn\u00ed audit je&nbsp;systematick\u00fd a podrobn\u011b zdokumentovan\u00fd proces z\u00edsk\u00e1v\u00e1n\u00ed auditn\u00edch informac\u00ed, jeho\u017e v\u00fdstupem je auditn\u00ed zpr\u00e1va. Zaji\u0161tujeme rizikov\u00e9 obchodn\u00ed sch\u016fzky (TRAVEL RISK MANAGEMENT) Nab\u00edz\u00edme [&hellip;]<\/p>\n","protected":false},"author":1,"featured_media":0,"parent":0,"menu_order":0,"comment_status":"closed","ping_status":"closed","template":"","meta":{"_et_pb_use_builder":"on","_et_pb_old_content":"","_et_gb_content_width":"","footnotes":""},"class_list":["post-49","page","type-page","status-publish","hentry"],"yoast_head":"<!-- This site is optimized with the Yoast SEO plugin v20.7 - https:\/\/yoast.com\/wordpress\/plugins\/seo\/ -->\n<title>Bezpe\u010dnostn\u00ed poradenstv\u00ed - SOT AGENCY<\/title>\n<meta name=\"description\" content=\"V\u00edce ne\u017e jen pocit bezpe\u010d\u00ed. Na\u0161e spole\u010dnost je poskytovatelem bezpe\u010dnostn\u00edch slu\u017eeb pro 21. stolet\u00ed pro ostrahu objekt\u016f i osob.\" \/>\n<meta name=\"robots\" content=\"index, follow, max-snippet:-1, max-image-preview:large, max-video-preview:-1\" \/>\n<link rel=\"canonical\" href=\"https:\/\/sot-agency.cz\/?page_id=49\" \/>\n<meta property=\"og:locale\" content=\"cs_CZ\" \/>\n<meta property=\"og:type\" content=\"article\" \/>\n<meta property=\"og:title\" content=\"Bezpe\u010dnostn\u00ed poradenstv\u00ed - SOT AGENCY\" \/>\n<meta property=\"og:description\" content=\"V\u00edce ne\u017e jen pocit bezpe\u010d\u00ed. Na\u0161e spole\u010dnost je poskytovatelem bezpe\u010dnostn\u00edch slu\u017eeb pro 21. stolet\u00ed pro ostrahu objekt\u016f i osob.\" \/>\n<meta property=\"og:url\" content=\"https:\/\/sot-agency.cz\/?page_id=49\" \/>\n<meta property=\"og:site_name\" content=\"SOT AGENCY\" \/>\n<meta property=\"article:publisher\" content=\"https:\/\/www.facebook.com\/profile.php?id=100090887411131\" \/>\n<meta property=\"article:modified_time\" content=\"2023-05-15T10:13:43+00:00\" \/>\n<meta property=\"og:image\" content=\"https:\/\/sot-agency.cz\/wp-content\/uploads\/2023\/05\/cctv-security-online-camera-with-house-plan-1-scaled.jpg\" \/>\n\t<meta property=\"og:image:width\" content=\"2560\" \/>\n\t<meta property=\"og:image:height\" content=\"1708\" \/>\n\t<meta property=\"og:image:type\" content=\"image\/jpeg\" \/>\n<meta name=\"twitter:card\" content=\"summary_large_image\" \/>\n<meta name=\"twitter:label1\" content=\"Odhadovan\u00e1 doba \u010dten\u00ed\" \/>\n\t<meta name=\"twitter:data1\" content=\"2 minuty\" \/>\n<script type=\"application\/ld+json\" class=\"yoast-schema-graph\">{\"@context\":\"https:\/\/schema.org\",\"@graph\":[{\"@type\":\"WebPage\",\"@id\":\"https:\/\/sot-agency.cz\/?page_id=49\",\"url\":\"https:\/\/sot-agency.cz\/?page_id=49\",\"name\":\"Bezpe\u010dnostn\u00ed poradenstv\u00ed - SOT AGENCY\",\"isPartOf\":{\"@id\":\"https:\/\/sot-agency.cz\/#website\"},\"datePublished\":\"2023-05-06T16:24:40+00:00\",\"dateModified\":\"2023-05-15T10:13:43+00:00\",\"description\":\"V\u00edce ne\u017e jen pocit bezpe\u010d\u00ed. Na\u0161e spole\u010dnost je poskytovatelem bezpe\u010dnostn\u00edch slu\u017eeb pro 21. stolet\u00ed pro ostrahu objekt\u016f i osob.\",\"breadcrumb\":{\"@id\":\"https:\/\/sot-agency.cz\/?page_id=49#breadcrumb\"},\"inLanguage\":\"cs\",\"potentialAction\":[{\"@type\":\"ReadAction\",\"target\":[\"https:\/\/sot-agency.cz\/?page_id=49\"]}]},{\"@type\":\"BreadcrumbList\",\"@id\":\"https:\/\/sot-agency.cz\/?page_id=49#breadcrumb\",\"itemListElement\":[{\"@type\":\"ListItem\",\"position\":1,\"name\":\"Dom\u016f\",\"item\":\"https:\/\/sot-agency.cz\/\"},{\"@type\":\"ListItem\",\"position\":2,\"name\":\"Bezpe\u010dnostn\u00ed poradenstv\u00ed\"}]},{\"@type\":\"WebSite\",\"@id\":\"https:\/\/sot-agency.cz\/#website\",\"url\":\"https:\/\/sot-agency.cz\/\",\"name\":\"SOT AGENCY\",\"description\":\"bezpe\u010dnostn\u00ed agentura\",\"publisher\":{\"@id\":\"https:\/\/sot-agency.cz\/#organization\"},\"potentialAction\":[{\"@type\":\"SearchAction\",\"target\":{\"@type\":\"EntryPoint\",\"urlTemplate\":\"https:\/\/sot-agency.cz\/?s={search_term_string}\"},\"query-input\":\"required name=search_term_string\"}],\"inLanguage\":\"cs\"},{\"@type\":\"Organization\",\"@id\":\"https:\/\/sot-agency.cz\/#organization\",\"name\":\"SOT AGENCY s.r.o.\",\"url\":\"https:\/\/sot-agency.cz\/\",\"logo\":{\"@type\":\"ImageObject\",\"inLanguage\":\"cs\",\"@id\":\"https:\/\/sot-agency.cz\/#\/schema\/logo\/image\/\",\"url\":\"https:\/\/sot-agency.cz\/wp-content\/uploads\/2023\/05\/cropped-LOGO-SOT-SECURITY_cernobile_plasticke.png\",\"contentUrl\":\"https:\/\/sot-agency.cz\/wp-content\/uploads\/2023\/05\/cropped-LOGO-SOT-SECURITY_cernobile_plasticke.png\",\"width\":512,\"height\":512,\"caption\":\"SOT AGENCY s.r.o.\"},\"image\":{\"@id\":\"https:\/\/sot-agency.cz\/#\/schema\/logo\/image\/\"},\"sameAs\":[\"https:\/\/www.facebook.com\/profile.php?id=100090887411131\"]}]}<\/script>\n<!-- \/ Yoast SEO plugin. -->","yoast_head_json":{"title":"Bezpe\u010dnostn\u00ed poradenstv\u00ed - SOT AGENCY","description":"V\u00edce ne\u017e jen pocit bezpe\u010d\u00ed. Na\u0161e spole\u010dnost je poskytovatelem bezpe\u010dnostn\u00edch slu\u017eeb pro 21. stolet\u00ed pro ostrahu objekt\u016f i osob.","robots":{"index":"index","follow":"follow","max-snippet":"max-snippet:-1","max-image-preview":"max-image-preview:large","max-video-preview":"max-video-preview:-1"},"canonical":"https:\/\/sot-agency.cz\/?page_id=49","og_locale":"cs_CZ","og_type":"article","og_title":"Bezpe\u010dnostn\u00ed poradenstv\u00ed - SOT AGENCY","og_description":"V\u00edce ne\u017e jen pocit bezpe\u010d\u00ed. Na\u0161e spole\u010dnost je poskytovatelem bezpe\u010dnostn\u00edch slu\u017eeb pro 21. stolet\u00ed pro ostrahu objekt\u016f i osob.","og_url":"https:\/\/sot-agency.cz\/?page_id=49","og_site_name":"SOT AGENCY","article_publisher":"https:\/\/www.facebook.com\/profile.php?id=100090887411131","article_modified_time":"2023-05-15T10:13:43+00:00","og_image":[{"width":2560,"height":1708,"url":"https:\/\/sot-agency.cz\/wp-content\/uploads\/2023\/05\/cctv-security-online-camera-with-house-plan-1-scaled.jpg","type":"image\/jpeg"}],"twitter_card":"summary_large_image","twitter_misc":{"Odhadovan\u00e1 doba \u010dten\u00ed":"2 minuty"},"schema":{"@context":"https:\/\/schema.org","@graph":[{"@type":"WebPage","@id":"https:\/\/sot-agency.cz\/?page_id=49","url":"https:\/\/sot-agency.cz\/?page_id=49","name":"Bezpe\u010dnostn\u00ed poradenstv\u00ed - SOT AGENCY","isPartOf":{"@id":"https:\/\/sot-agency.cz\/#website"},"datePublished":"2023-05-06T16:24:40+00:00","dateModified":"2023-05-15T10:13:43+00:00","description":"V\u00edce ne\u017e jen pocit bezpe\u010d\u00ed. Na\u0161e spole\u010dnost je poskytovatelem bezpe\u010dnostn\u00edch slu\u017eeb pro 21. stolet\u00ed pro ostrahu objekt\u016f i osob.","breadcrumb":{"@id":"https:\/\/sot-agency.cz\/?page_id=49#breadcrumb"},"inLanguage":"cs","potentialAction":[{"@type":"ReadAction","target":["https:\/\/sot-agency.cz\/?page_id=49"]}]},{"@type":"BreadcrumbList","@id":"https:\/\/sot-agency.cz\/?page_id=49#breadcrumb","itemListElement":[{"@type":"ListItem","position":1,"name":"Dom\u016f","item":"https:\/\/sot-agency.cz\/"},{"@type":"ListItem","position":2,"name":"Bezpe\u010dnostn\u00ed poradenstv\u00ed"}]},{"@type":"WebSite","@id":"https:\/\/sot-agency.cz\/#website","url":"https:\/\/sot-agency.cz\/","name":"SOT AGENCY","description":"bezpe\u010dnostn\u00ed agentura","publisher":{"@id":"https:\/\/sot-agency.cz\/#organization"},"potentialAction":[{"@type":"SearchAction","target":{"@type":"EntryPoint","urlTemplate":"https:\/\/sot-agency.cz\/?s={search_term_string}"},"query-input":"required name=search_term_string"}],"inLanguage":"cs"},{"@type":"Organization","@id":"https:\/\/sot-agency.cz\/#organization","name":"SOT AGENCY s.r.o.","url":"https:\/\/sot-agency.cz\/","logo":{"@type":"ImageObject","inLanguage":"cs","@id":"https:\/\/sot-agency.cz\/#\/schema\/logo\/image\/","url":"https:\/\/sot-agency.cz\/wp-content\/uploads\/2023\/05\/cropped-LOGO-SOT-SECURITY_cernobile_plasticke.png","contentUrl":"https:\/\/sot-agency.cz\/wp-content\/uploads\/2023\/05\/cropped-LOGO-SOT-SECURITY_cernobile_plasticke.png","width":512,"height":512,"caption":"SOT AGENCY s.r.o."},"image":{"@id":"https:\/\/sot-agency.cz\/#\/schema\/logo\/image\/"},"sameAs":["https:\/\/www.facebook.com\/profile.php?id=100090887411131"]}]}},"_links":{"self":[{"href":"https:\/\/sot-agency.cz\/index.php?rest_route=\/wp\/v2\/pages\/49","targetHints":{"allow":["GET"]}}],"collection":[{"href":"https:\/\/sot-agency.cz\/index.php?rest_route=\/wp\/v2\/pages"}],"about":[{"href":"https:\/\/sot-agency.cz\/index.php?rest_route=\/wp\/v2\/types\/page"}],"author":[{"embeddable":true,"href":"https:\/\/sot-agency.cz\/index.php?rest_route=\/wp\/v2\/users\/1"}],"replies":[{"embeddable":true,"href":"https:\/\/sot-agency.cz\/index.php?rest_route=%2Fwp%2Fv2%2Fcomments&post=49"}],"version-history":[{"count":13,"href":"https:\/\/sot-agency.cz\/index.php?rest_route=\/wp\/v2\/pages\/49\/revisions"}],"predecessor-version":[{"id":194,"href":"https:\/\/sot-agency.cz\/index.php?rest_route=\/wp\/v2\/pages\/49\/revisions\/194"}],"wp:attachment":[{"href":"https:\/\/sot-agency.cz\/index.php?rest_route=%2Fwp%2Fv2%2Fmedia&parent=49"}],"curies":[{"name":"wp","href":"https:\/\/api.w.org\/{rel}","templated":true}]}}