{"id":51,"date":"2023-05-06T16:25:58","date_gmt":"2023-05-06T16:25:58","guid":{"rendered":"https:\/\/info.sot-agency.cz\/?page_id=51"},"modified":"2023-05-09T13:02:54","modified_gmt":"2023-05-09T13:02:54","slug":"o-nas","status":"publish","type":"page","link":"https:\/\/sot-agency.cz\/?page_id=51","title":{"rendered":"O n\u00e1s"},"content":{"rendered":"<p>[et_pb_section fb_built=&#8220;1&#8243; _builder_version=&#8220;4.10.2&#8243; _module_preset=&#8220;default&#8220; global_colors_info=&#8220;{}&#8220;][et_pb_row _builder_version=&#8220;4.10.2&#8243; _module_preset=&#8220;default&#8220; global_colors_info=&#8220;{}&#8220;][et_pb_column type=&#8220;4_4&#8243; _builder_version=&#8220;4.10.2&#8243; _module_preset=&#8220;default&#8220; global_colors_info=&#8220;{}&#8220;][et_pb_text _builder_version=&#8220;4.10.2&#8243; _module_preset=&#8220;default&#8220; hover_enabled=&#8220;0&#8243; global_colors_info=&#8220;{}&#8220; sticky_enabled=&#8220;0&#8243;]<\/p>\n<p><strong>SOT AGENCY s.r.o.<\/strong> je dynamicky se rozv\u00edjej\u00edc\u00ed spole\u010dnost, p\u016fsob\u00edc\u00ed na \u010desk\u00e9m bezpe\u010dnostn\u00edm trhu od roku 2010. Svou \u00fasp\u011b\u0161nost zakl\u00e1d\u00e1 na vysoce profesion\u00e1ln\u00edm a individu\u00e1ln\u00edm p\u0159\u00edstupu k bezpe\u010dnostn\u00edm pot\u0159eb\u00e1m ka\u017ed\u00e9ho klienta. Osobn\u00ed kontakt s klientem umo\u017e\u0148uje rychl\u00e9 \u0159e\u0161en\u00ed ve\u0161ker\u00fdch bezpe\u010dnostn\u00edch po\u017eadavk\u016f a z\u00e1rove\u0148 v\u010dasnou eliminaci potenci\u00e1ln\u00edch hrozeb a rizik.<\/p>\n<p>Hlavn\u00ed a jedinou n\u00e1pln\u00ed spole\u010dnosti SOT AGENCY s.r.o. je poskytov\u00e1n\u00ed bezpe\u010dnostn\u00edch slu\u017eeb na nejvy\u0161\u0161\u00ed \u00farovni v rozsahu vymezen\u00e9m z\u00e1kony a p\u0159edpisy \u010cesk\u00e9 republiky. Poskytujeme komplexn\u00ed bezpe\u010dnostn\u00ed slu\u017eby od poradensk\u00e9 a konzulta\u010dn\u00ed \u010dinnosti, a\u017e po samotn\u00e9 zaji\u0161\u0165ov\u00e1n\u00ed objektov\u00e9 bezpe\u010dnosti a fyzick\u00e9 ochrany osob a majetku.<\/p>\n<p>Z\u00e1klad spole\u010dnosti je tvo\u0159en na\u0161imi pe\u010dliv\u011b vybran\u00fdmi zam\u011bstnanci, kte\u0159\u00ed spl\u0148uj\u00ed p\u0159\u00edsn\u00e1 bezpe\u010dnostn\u00ed krit\u00e9ria, kter\u00e1 jsou kladena na poskytovatele bezpe\u010dnostn\u00edch slu\u017eeb v 21. stolet\u00ed.<\/p>\n<p>Ned\u00edlnou sou\u010d\u00e1st\u00ed na\u0161eho t\u00fdmu jsou st\u00e1l\u00e9 v\u00fdjezdov\u00e9 skupiny, dislokovan\u00e9 v jiho\u010desk\u00e9m a st\u0159edo\u010desk\u00e9m kraji, kter\u00e9 umo\u017e\u0148uj\u00ed v p\u0159\u00edpadech, mimo\u0159\u00e1dn\u00e9 ud\u00e1losti bezpe\u010dnostn\u00edho charakteru, rychle a efektivn\u011b pos\u00edlit objektovou bezpe\u010dnost a v co nejkrat\u0161\u00edm \u010dase eliminovat vzniklou hrozbu.<\/p>\n<p>SOT AGENCY s.r.o. disponuje modern\u00edm pultem centr\u00e1ln\u00ed ochrany (PCO) a vlastn\u00edm t\u00fdmem zku\u0161en\u00fdch technick\u00fdch specialist\u016f, kte\u0159\u00ed poskytuj\u00ed mont\u00e1\u017e modern\u00edch elektronick\u00fdch bezpe\u010dnostn\u00edch prvk\u016f.<\/p>\n<p>Na z\u00e1klad\u011b po\u017eadavku a pot\u0159eb klienta na\u0161e spole\u010dnost rovn\u011b\u017e poskytuje zaji\u0161t\u011bn\u00ed spole\u010densk\u00fdch a firemn\u00edch akc\u00ed.<\/p>\n<p>V r\u00e1mci eduka\u010dn\u00ed \u010dinnosti na\u0161e spole\u010dnost po\u0159\u00e1d\u00e1 \u0161kol\u00edc\u00ed programy souvisej\u00edc\u00ed s bezpe\u010dnostn\u00ed problematikou, zaji\u0161\u0165ujeme st\u0159eleck\u00e9 a zdravotn\u00ed kurzy.<\/p>\n<p>[\/et_pb_text][\/et_pb_column][\/et_pb_row][\/et_pb_section]<\/p>\n","protected":false},"excerpt":{"rendered":"<p>SOT AGENCY s.r.o. je dynamicky se rozv\u00edjej\u00edc\u00ed spole\u010dnost, p\u016fsob\u00edc\u00ed na \u010desk\u00e9m bezpe\u010dnostn\u00edm trhu od roku 2010. Svou \u00fasp\u011b\u0161nost zakl\u00e1d\u00e1 na vysoce profesion\u00e1ln\u00edm a individu\u00e1ln\u00edm p\u0159\u00edstupu k bezpe\u010dnostn\u00edm pot\u0159eb\u00e1m ka\u017ed\u00e9ho klienta. Osobn\u00ed kontakt s klientem umo\u017e\u0148uje rychl\u00e9 \u0159e\u0161en\u00ed ve\u0161ker\u00fdch bezpe\u010dnostn\u00edch po\u017eadavk\u016f a z\u00e1rove\u0148 v\u010dasnou eliminaci potenci\u00e1ln\u00edch hrozeb a rizik. Hlavn\u00ed a jedinou n\u00e1pln\u00ed spole\u010dnosti SOT AGENCY [&hellip;]<\/p>\n","protected":false},"author":1,"featured_media":0,"parent":0,"menu_order":0,"comment_status":"closed","ping_status":"closed","template":"","meta":{"_et_pb_use_builder":"on","_et_pb_old_content":"","_et_gb_content_width":"","footnotes":""},"class_list":["post-51","page","type-page","status-publish","hentry"],"yoast_head":"<!-- This site is optimized with the Yoast SEO plugin v20.7 - https:\/\/yoast.com\/wordpress\/plugins\/seo\/ -->\n<title>O n\u00e1s - SOT AGENCY<\/title>\n<meta name=\"robots\" content=\"index, follow, max-snippet:-1, max-image-preview:large, max-video-preview:-1\" \/>\n<link rel=\"canonical\" href=\"https:\/\/sot-agency.cz\/?page_id=51\" \/>\n<meta property=\"og:locale\" content=\"cs_CZ\" \/>\n<meta property=\"og:type\" content=\"article\" \/>\n<meta property=\"og:title\" content=\"O n\u00e1s - SOT AGENCY\" \/>\n<meta property=\"og:description\" content=\"SOT AGENCY s.r.o. je dynamicky se rozv\u00edjej\u00edc\u00ed spole\u010dnost, p\u016fsob\u00edc\u00ed na \u010desk\u00e9m bezpe\u010dnostn\u00edm trhu od roku 2010. Svou \u00fasp\u011b\u0161nost zakl\u00e1d\u00e1 na vysoce profesion\u00e1ln\u00edm a individu\u00e1ln\u00edm p\u0159\u00edstupu k bezpe\u010dnostn\u00edm pot\u0159eb\u00e1m ka\u017ed\u00e9ho klienta. Osobn\u00ed kontakt s klientem umo\u017e\u0148uje rychl\u00e9 \u0159e\u0161en\u00ed ve\u0161ker\u00fdch bezpe\u010dnostn\u00edch po\u017eadavk\u016f a z\u00e1rove\u0148 v\u010dasnou eliminaci potenci\u00e1ln\u00edch hrozeb a rizik. Hlavn\u00ed a jedinou n\u00e1pln\u00ed spole\u010dnosti SOT AGENCY [&hellip;]\" \/>\n<meta property=\"og:url\" content=\"https:\/\/sot-agency.cz\/?page_id=51\" \/>\n<meta property=\"og:site_name\" content=\"SOT AGENCY\" \/>\n<meta property=\"article:publisher\" content=\"https:\/\/www.facebook.com\/profile.php?id=100090887411131\" \/>\n<meta property=\"article:modified_time\" content=\"2023-05-09T13:02:54+00:00\" \/>\n<meta property=\"og:image\" content=\"https:\/\/sot-agency.cz\/wp-content\/uploads\/2023\/05\/cctv-security-online-camera-with-house-plan-1-scaled.jpg\" \/>\n\t<meta property=\"og:image:width\" content=\"2560\" \/>\n\t<meta property=\"og:image:height\" content=\"1708\" \/>\n\t<meta property=\"og:image:type\" content=\"image\/jpeg\" \/>\n<meta name=\"twitter:card\" content=\"summary_large_image\" \/>\n<meta name=\"twitter:label1\" content=\"Odhadovan\u00e1 doba \u010dten\u00ed\" \/>\n\t<meta name=\"twitter:data1\" content=\"2 minuty\" \/>\n<script type=\"application\/ld+json\" class=\"yoast-schema-graph\">{\"@context\":\"https:\/\/schema.org\",\"@graph\":[{\"@type\":\"WebPage\",\"@id\":\"https:\/\/sot-agency.cz\/?page_id=51\",\"url\":\"https:\/\/sot-agency.cz\/?page_id=51\",\"name\":\"O n\u00e1s - SOT AGENCY\",\"isPartOf\":{\"@id\":\"https:\/\/sot-agency.cz\/#website\"},\"datePublished\":\"2023-05-06T16:25:58+00:00\",\"dateModified\":\"2023-05-09T13:02:54+00:00\",\"breadcrumb\":{\"@id\":\"https:\/\/sot-agency.cz\/?page_id=51#breadcrumb\"},\"inLanguage\":\"cs\",\"potentialAction\":[{\"@type\":\"ReadAction\",\"target\":[\"https:\/\/sot-agency.cz\/?page_id=51\"]}]},{\"@type\":\"BreadcrumbList\",\"@id\":\"https:\/\/sot-agency.cz\/?page_id=51#breadcrumb\",\"itemListElement\":[{\"@type\":\"ListItem\",\"position\":1,\"name\":\"Dom\u016f\",\"item\":\"https:\/\/sot-agency.cz\/\"},{\"@type\":\"ListItem\",\"position\":2,\"name\":\"O n\u00e1s\"}]},{\"@type\":\"WebSite\",\"@id\":\"https:\/\/sot-agency.cz\/#website\",\"url\":\"https:\/\/sot-agency.cz\/\",\"name\":\"SOT AGENCY\",\"description\":\"bezpe\u010dnostn\u00ed agentura\",\"publisher\":{\"@id\":\"https:\/\/sot-agency.cz\/#organization\"},\"potentialAction\":[{\"@type\":\"SearchAction\",\"target\":{\"@type\":\"EntryPoint\",\"urlTemplate\":\"https:\/\/sot-agency.cz\/?s={search_term_string}\"},\"query-input\":\"required name=search_term_string\"}],\"inLanguage\":\"cs\"},{\"@type\":\"Organization\",\"@id\":\"https:\/\/sot-agency.cz\/#organization\",\"name\":\"SOT AGENCY s.r.o.\",\"url\":\"https:\/\/sot-agency.cz\/\",\"logo\":{\"@type\":\"ImageObject\",\"inLanguage\":\"cs\",\"@id\":\"https:\/\/sot-agency.cz\/#\/schema\/logo\/image\/\",\"url\":\"https:\/\/sot-agency.cz\/wp-content\/uploads\/2023\/05\/cropped-LOGO-SOT-SECURITY_cernobile_plasticke.png\",\"contentUrl\":\"https:\/\/sot-agency.cz\/wp-content\/uploads\/2023\/05\/cropped-LOGO-SOT-SECURITY_cernobile_plasticke.png\",\"width\":512,\"height\":512,\"caption\":\"SOT AGENCY s.r.o.\"},\"image\":{\"@id\":\"https:\/\/sot-agency.cz\/#\/schema\/logo\/image\/\"},\"sameAs\":[\"https:\/\/www.facebook.com\/profile.php?id=100090887411131\"]}]}<\/script>\n<!-- \/ Yoast SEO plugin. -->","yoast_head_json":{"title":"O n\u00e1s - SOT AGENCY","robots":{"index":"index","follow":"follow","max-snippet":"max-snippet:-1","max-image-preview":"max-image-preview:large","max-video-preview":"max-video-preview:-1"},"canonical":"https:\/\/sot-agency.cz\/?page_id=51","og_locale":"cs_CZ","og_type":"article","og_title":"O n\u00e1s - SOT AGENCY","og_description":"SOT AGENCY s.r.o. je dynamicky se rozv\u00edjej\u00edc\u00ed spole\u010dnost, p\u016fsob\u00edc\u00ed na \u010desk\u00e9m bezpe\u010dnostn\u00edm trhu od roku 2010. Svou \u00fasp\u011b\u0161nost zakl\u00e1d\u00e1 na vysoce profesion\u00e1ln\u00edm a individu\u00e1ln\u00edm p\u0159\u00edstupu k bezpe\u010dnostn\u00edm pot\u0159eb\u00e1m ka\u017ed\u00e9ho klienta. Osobn\u00ed kontakt s klientem umo\u017e\u0148uje rychl\u00e9 \u0159e\u0161en\u00ed ve\u0161ker\u00fdch bezpe\u010dnostn\u00edch po\u017eadavk\u016f a z\u00e1rove\u0148 v\u010dasnou eliminaci potenci\u00e1ln\u00edch hrozeb a rizik. Hlavn\u00ed a jedinou n\u00e1pln\u00ed spole\u010dnosti SOT AGENCY [&hellip;]","og_url":"https:\/\/sot-agency.cz\/?page_id=51","og_site_name":"SOT AGENCY","article_publisher":"https:\/\/www.facebook.com\/profile.php?id=100090887411131","article_modified_time":"2023-05-09T13:02:54+00:00","og_image":[{"width":2560,"height":1708,"url":"https:\/\/sot-agency.cz\/wp-content\/uploads\/2023\/05\/cctv-security-online-camera-with-house-plan-1-scaled.jpg","type":"image\/jpeg"}],"twitter_card":"summary_large_image","twitter_misc":{"Odhadovan\u00e1 doba \u010dten\u00ed":"2 minuty"},"schema":{"@context":"https:\/\/schema.org","@graph":[{"@type":"WebPage","@id":"https:\/\/sot-agency.cz\/?page_id=51","url":"https:\/\/sot-agency.cz\/?page_id=51","name":"O n\u00e1s - SOT AGENCY","isPartOf":{"@id":"https:\/\/sot-agency.cz\/#website"},"datePublished":"2023-05-06T16:25:58+00:00","dateModified":"2023-05-09T13:02:54+00:00","breadcrumb":{"@id":"https:\/\/sot-agency.cz\/?page_id=51#breadcrumb"},"inLanguage":"cs","potentialAction":[{"@type":"ReadAction","target":["https:\/\/sot-agency.cz\/?page_id=51"]}]},{"@type":"BreadcrumbList","@id":"https:\/\/sot-agency.cz\/?page_id=51#breadcrumb","itemListElement":[{"@type":"ListItem","position":1,"name":"Dom\u016f","item":"https:\/\/sot-agency.cz\/"},{"@type":"ListItem","position":2,"name":"O n\u00e1s"}]},{"@type":"WebSite","@id":"https:\/\/sot-agency.cz\/#website","url":"https:\/\/sot-agency.cz\/","name":"SOT AGENCY","description":"bezpe\u010dnostn\u00ed agentura","publisher":{"@id":"https:\/\/sot-agency.cz\/#organization"},"potentialAction":[{"@type":"SearchAction","target":{"@type":"EntryPoint","urlTemplate":"https:\/\/sot-agency.cz\/?s={search_term_string}"},"query-input":"required name=search_term_string"}],"inLanguage":"cs"},{"@type":"Organization","@id":"https:\/\/sot-agency.cz\/#organization","name":"SOT AGENCY s.r.o.","url":"https:\/\/sot-agency.cz\/","logo":{"@type":"ImageObject","inLanguage":"cs","@id":"https:\/\/sot-agency.cz\/#\/schema\/logo\/image\/","url":"https:\/\/sot-agency.cz\/wp-content\/uploads\/2023\/05\/cropped-LOGO-SOT-SECURITY_cernobile_plasticke.png","contentUrl":"https:\/\/sot-agency.cz\/wp-content\/uploads\/2023\/05\/cropped-LOGO-SOT-SECURITY_cernobile_plasticke.png","width":512,"height":512,"caption":"SOT AGENCY s.r.o."},"image":{"@id":"https:\/\/sot-agency.cz\/#\/schema\/logo\/image\/"},"sameAs":["https:\/\/www.facebook.com\/profile.php?id=100090887411131"]}]}},"_links":{"self":[{"href":"https:\/\/sot-agency.cz\/index.php?rest_route=\/wp\/v2\/pages\/51","targetHints":{"allow":["GET"]}}],"collection":[{"href":"https:\/\/sot-agency.cz\/index.php?rest_route=\/wp\/v2\/pages"}],"about":[{"href":"https:\/\/sot-agency.cz\/index.php?rest_route=\/wp\/v2\/types\/page"}],"author":[{"embeddable":true,"href":"https:\/\/sot-agency.cz\/index.php?rest_route=\/wp\/v2\/users\/1"}],"replies":[{"embeddable":true,"href":"https:\/\/sot-agency.cz\/index.php?rest_route=%2Fwp%2Fv2%2Fcomments&post=51"}],"version-history":[{"count":5,"href":"https:\/\/sot-agency.cz\/index.php?rest_route=\/wp\/v2\/pages\/51\/revisions"}],"predecessor-version":[{"id":122,"href":"https:\/\/sot-agency.cz\/index.php?rest_route=\/wp\/v2\/pages\/51\/revisions\/122"}],"wp:attachment":[{"href":"https:\/\/sot-agency.cz\/index.php?rest_route=%2Fwp%2Fv2%2Fmedia&parent=51"}],"curies":[{"name":"wp","href":"https:\/\/api.w.org\/{rel}","templated":true}]}}