{"id":53,"date":"2023-05-06T16:26:16","date_gmt":"2023-05-06T16:26:16","guid":{"rendered":"https:\/\/info.sot-agency.cz\/?page_id=53"},"modified":"2025-06-09T09:40:34","modified_gmt":"2025-06-09T09:40:34","slug":"kontakt","status":"publish","type":"page","link":"https:\/\/sot-agency.cz\/?page_id=53","title":{"rendered":"Kontakt"},"content":{"rendered":"<p>[et_pb_section fb_built=&#8220;1&#8243; _builder_version=&#8220;4.10.2&#8243; _module_preset=&#8220;default&#8220; global_colors_info=&#8220;{}&#8220;][et_pb_row column_structure=&#8220;1_2,1_2&#8243; _builder_version=&#8220;4.10.2&#8243; _module_preset=&#8220;default&#8220; global_colors_info=&#8220;{}&#8220;][et_pb_column type=&#8220;1_2&#8243; _builder_version=&#8220;4.10.2&#8243; _module_preset=&#8220;default&#8220; global_colors_info=&#8220;{}&#8220;][et_pb_text _builder_version=&#8220;4.10.2&#8243; _module_preset=&#8220;default&#8220; global_colors_info=&#8220;{}&#8220;]<\/p>\n<h1>Kontaktn\u00ed \u00fadaje<\/h1>\n<p>[\/et_pb_text][et_pb_text _builder_version=&#8220;4.10.2&#8243; _module_preset=&#8220;default&#8220; global_colors_info=&#8220;{}&#8220;]<strong>SOT AGENCY s.r.o.<\/strong><\/p>\n<p><strong>Lannova 2061\/8<\/strong><\/p>\n<p><strong>110 00 Praha 1<\/strong><\/p>\n<p><strong>Koresponden\u010dn\u00ed adresa:<\/strong><\/p>\n<p><strong>Leskkovick\u00e1 3178<\/strong><\/p>\n<p><strong>390 01 T\u00e1bor<\/strong><\/p>\n<p>I\u010cO: 06527744<\/p>\n<p>DI\u010c: CZ06527744<\/p>\n<p>Firma je vedena u M\u011bstsk\u00e9ho soudu v Praze pod zna\u010dkou C 283674[\/et_pb_text][\/et_pb_column][et_pb_column type=&#8220;1_2&#8243; _builder_version=&#8220;4.10.2&#8243; _module_preset=&#8220;default&#8220; global_colors_info=&#8220;{}&#8220;][et_pb_text _builder_version=&#8220;4.10.2&#8243; _module_preset=&#8220;default&#8220; global_colors_info=&#8220;{}&#8220;]<\/p>\n<h1>Kontaktn\u00ed formul\u00e1\u0159<\/h1>\n<p>[\/et_pb_text][et_pb_contact_form email=&#8220;r.cechura@sot-cz.cz&#8220; _builder_version=&#8220;4.10.2&#8243; _module_preset=&#8220;default&#8220; global_colors_info=&#8220;{}&#8220;][et_pb_contact_field field_id=&#8220;Jm\u00e9no&#8220; field_title=&#8220;Jm\u00e9no&#8220; _builder_version=&#8220;4.10.2&#8243; global_colors_info=&#8220;{}&#8220; button_text_size__hover_enabled=&#8220;off&#8220; button_one_text_size__hover_enabled=&#8220;off&#8220; button_two_text_size__hover_enabled=&#8220;off&#8220; button_text_color__hover_enabled=&#8220;off&#8220; button_one_text_color__hover_enabled=&#8220;off&#8220; button_two_text_color__hover_enabled=&#8220;off&#8220; button_border_width__hover_enabled=&#8220;off&#8220; button_one_border_width__hover_enabled=&#8220;off&#8220; button_two_border_width__hover_enabled=&#8220;off&#8220; button_border_color__hover_enabled=&#8220;off&#8220; button_one_border_color__hover_enabled=&#8220;off&#8220; button_two_border_color__hover_enabled=&#8220;off&#8220; button_border_radius__hover_enabled=&#8220;off&#8220; button_one_border_radius__hover_enabled=&#8220;off&#8220; button_two_border_radius__hover_enabled=&#8220;off&#8220; button_letter_spacing__hover_enabled=&#8220;off&#8220; button_one_letter_spacing__hover_enabled=&#8220;off&#8220; button_two_letter_spacing__hover_enabled=&#8220;off&#8220; button_bg_color__hover_enabled=&#8220;off&#8220; button_one_bg_color__hover_enabled=&#8220;off&#8220; button_two_bg_color__hover_enabled=&#8220;off&#8220;][\/et_pb_contact_field][et_pb_contact_field field_id=&#8220;Email&#8220; field_title=&#8220;E-mailov\u00e1 adresa&#8220; field_type=&#8220;email&#8220; _builder_version=&#8220;3.16&#8243; global_colors_info=&#8220;{}&#8220; button_text_size__hover_enabled=&#8220;off&#8220; button_one_text_size__hover_enabled=&#8220;off&#8220; button_two_text_size__hover_enabled=&#8220;off&#8220; button_text_color__hover_enabled=&#8220;off&#8220; button_one_text_color__hover_enabled=&#8220;off&#8220; button_two_text_color__hover_enabled=&#8220;off&#8220; button_border_width__hover_enabled=&#8220;off&#8220; button_one_border_width__hover_enabled=&#8220;off&#8220; button_two_border_width__hover_enabled=&#8220;off&#8220; button_border_color__hover_enabled=&#8220;off&#8220; button_one_border_color__hover_enabled=&#8220;off&#8220; button_two_border_color__hover_enabled=&#8220;off&#8220; button_border_radius__hover_enabled=&#8220;off&#8220; button_one_border_radius__hover_enabled=&#8220;off&#8220; button_two_border_radius__hover_enabled=&#8220;off&#8220; button_letter_spacing__hover_enabled=&#8220;off&#8220; button_one_letter_spacing__hover_enabled=&#8220;off&#8220; button_two_letter_spacing__hover_enabled=&#8220;off&#8220; button_bg_color__hover_enabled=&#8220;off&#8220; button_one_bg_color__hover_enabled=&#8220;off&#8220; button_two_bg_color__hover_enabled=&#8220;off&#8220;][\/et_pb_contact_field][et_pb_contact_field field_id=&#8220;Message&#8220; field_title=&#8220;Zpr\u00e1va&#8220; field_type=&#8220;text&#8220; fullwidth_field=&#8220;on&#8220; _builder_version=&#8220;3.16&#8243; global_colors_info=&#8220;{}&#8220; button_text_size__hover_enabled=&#8220;off&#8220; button_one_text_size__hover_enabled=&#8220;off&#8220; button_two_text_size__hover_enabled=&#8220;off&#8220; button_text_color__hover_enabled=&#8220;off&#8220; button_one_text_color__hover_enabled=&#8220;off&#8220; button_two_text_color__hover_enabled=&#8220;off&#8220; button_border_width__hover_enabled=&#8220;off&#8220; button_one_border_width__hover_enabled=&#8220;off&#8220; button_two_border_width__hover_enabled=&#8220;off&#8220; button_border_color__hover_enabled=&#8220;off&#8220; button_one_border_color__hover_enabled=&#8220;off&#8220; button_two_border_color__hover_enabled=&#8220;off&#8220; button_border_radius__hover_enabled=&#8220;off&#8220; button_one_border_radius__hover_enabled=&#8220;off&#8220; button_two_border_radius__hover_enabled=&#8220;off&#8220; button_letter_spacing__hover_enabled=&#8220;off&#8220; button_one_letter_spacing__hover_enabled=&#8220;off&#8220; button_two_letter_spacing__hover_enabled=&#8220;off&#8220; button_bg_color__hover_enabled=&#8220;off&#8220; button_one_bg_color__hover_enabled=&#8220;off&#8220; button_two_bg_color__hover_enabled=&#8220;off&#8220;][\/et_pb_contact_field][\/et_pb_contact_form][\/et_pb_column][\/et_pb_row][et_pb_row _builder_version=&#8220;4.10.2&#8243; _module_preset=&#8220;default&#8220; global_colors_info=&#8220;{}&#8220;][et_pb_column type=&#8220;4_4&#8243; _builder_version=&#8220;4.10.2&#8243; _module_preset=&#8220;default&#8220; global_colors_info=&#8220;{}&#8220;][et_pb_text _builder_version=&#8220;4.10.2&#8243; _module_preset=&#8220;default&#8220; global_colors_info=&#8220;{}&#8220;]<\/p>\n<h1 style=\"text-align: center;\"><strong>Veden\u00ed spole\u010dnosti<\/strong><\/h1>\n<p>[\/et_pb_text][\/et_pb_column][\/et_pb_row][et_pb_row column_structure=&#8220;1_3,1_3,1_3&#8243; _builder_version=&#8220;4.10.2&#8243; _module_preset=&#8220;default&#8220; global_colors_info=&#8220;{}&#8220;][et_pb_column type=&#8220;1_3&#8243; _builder_version=&#8220;4.10.2&#8243; _module_preset=&#8220;default&#8220; global_colors_info=&#8220;{}&#8220;][\/et_pb_column][et_pb_column type=&#8220;1_3&#8243; _builder_version=&#8220;4.10.2&#8243; _module_preset=&#8220;default&#8220; global_colors_info=&#8220;{}&#8220;][et_pb_testimonial portrait_url=&#8220;http:\/\/sot-agency.cz\/wp-content\/uploads\/2023\/05\/rene.jpeg&#8220; quote_icon=&#8220;off&#8220; _builder_version=&#8220;4.10.2&#8243; _module_preset=&#8220;default&#8220; background_enable_color=&#8220;off&#8220; custom_margin=&#8220;||7px|||&#8220; global_colors_info=&#8220;{}&#8220;][\/et_pb_testimonial][et_pb_text _builder_version=&#8220;4.10.2&#8243; _module_preset=&#8220;default&#8220; global_colors_info=&#8220;{}&#8220;]<\/p>\n<h4 style=\"text-align: center;\"><strong>Mgr. Ren\u00e9 \u010cechura<\/strong><\/h4>\n<p style=\"text-align: center;\">Jednatel spole\u010dnosti<\/p>\n<p style=\"text-align: center;\">E-mail: r.cechura@sot-cz.cz<\/p>\n<p>[\/et_pb_text][\/et_pb_column][et_pb_column type=&#8220;1_3&#8243; _builder_version=&#8220;4.10.2&#8243; _module_preset=&#8220;default&#8220; global_colors_info=&#8220;{}&#8220;][\/et_pb_column][\/et_pb_row][et_pb_row column_structure=&#8220;1_3,1_3,1_3&#8243; _builder_version=&#8220;4.10.2&#8243; _module_preset=&#8220;default&#8220; global_colors_info=&#8220;{}&#8220;][et_pb_column type=&#8220;1_3&#8243; _builder_version=&#8220;4.10.2&#8243; _module_preset=&#8220;default&#8220; global_colors_info=&#8220;{}&#8220;][et_pb_testimonial portrait_url=&#8220;http:\/\/sot-agency.cz\/wp-content\/uploads\/2023\/05\/cropped-LOGO-SOT-SECURITY_cernobile_plasticke.png&#8220; quote_icon=&#8220;off&#8220; _builder_version=&#8220;4.10.2&#8243; _module_preset=&#8220;default&#8220; background_enable_color=&#8220;off&#8220; custom_margin=&#8220;||7px|||&#8220; global_colors_info=&#8220;{}&#8220;][\/et_pb_testimonial][et_pb_text _builder_version=&#8220;4.10.2&#8243; _module_preset=&#8220;default&#8220; global_colors_info=&#8220;{}&#8220;]<\/p>\n<h4 style=\"text-align: center;\"><strong>Mgr. Ale\u0161 Karban<\/strong><\/h4>\n<p style=\"text-align: center;\">Bezpe\u010dnostn\u00ed mana\u017eer<\/p>\n<p style=\"text-align: center;\">E-mail: a.karban@sot-cz.cz<\/p>\n<p>[\/et_pb_text][\/et_pb_column][et_pb_column type=&#8220;1_3&#8243; _builder_version=&#8220;4.10.2&#8243; _module_preset=&#8220;default&#8220; global_colors_info=&#8220;{}&#8220;][et_pb_testimonial portrait_url=&#8220;http:\/\/sot-agency.cz\/wp-content\/uploads\/2023\/05\/cropped-LOGO-SOT-SECURITY_cernobile_plasticke.png&#8220; quote_icon=&#8220;off&#8220; _builder_version=&#8220;4.10.2&#8243; _module_preset=&#8220;default&#8220; background_enable_color=&#8220;off&#8220; custom_margin=&#8220;||7px|||&#8220; global_colors_info=&#8220;{}&#8220;][\/et_pb_testimonial][et_pb_text _builder_version=&#8220;4.10.2&#8243; _module_preset=&#8220;default&#8220; global_colors_info=&#8220;{}&#8220;]<\/p>\n<h4 style=\"text-align: center;\"><strong>Ren\u00e9 \u010cechura<\/strong><\/h4>\n<p style=\"text-align: center;\">Mana\u017eer pro Jiho\u010desk\u00fd kraj<\/p>\n<p style=\"text-align: center;\">E-mail: cechura@sot-cz.cz<\/p>\n<p>[\/et_pb_text][\/et_pb_column][et_pb_column type=&#8220;1_3&#8243; _builder_version=&#8220;4.10.2&#8243; _module_preset=&#8220;default&#8220; global_colors_info=&#8220;{}&#8220;][et_pb_testimonial portrait_url=&#8220;http:\/\/sot-agency.cz\/wp-content\/uploads\/2023\/05\/cropped-LOGO-SOT-SECURITY_cernobile_plasticke.png&#8220; quote_icon=&#8220;off&#8220; _builder_version=&#8220;4.10.2&#8243; _module_preset=&#8220;default&#8220; background_enable_color=&#8220;off&#8220; custom_margin=&#8220;||7px|||&#8220; global_colors_info=&#8220;{}&#8220;][\/et_pb_testimonial][et_pb_text _builder_version=&#8220;4.10.2&#8243; _module_preset=&#8220;default&#8220; global_colors_info=&#8220;{}&#8220;]<\/p>\n<h4 style=\"text-align: center;\"><strong>Bc. Jana Pokorn\u00e1<\/strong><\/h4>\n<p style=\"text-align: center;\">Vedouc\u00ed person\u00e1ln\u00edho odd\u011blen\u00ed<\/p>\n<p style=\"text-align: center;\">E-mail: office@sot-cz.cz<\/p>\n<p>[\/et_pb_text][\/et_pb_column][\/et_pb_row][et_pb_row _builder_version=&#8220;4.10.2&#8243; _module_preset=&#8220;default&#8220; global_colors_info=&#8220;{}&#8220;][et_pb_column type=&#8220;4_4&#8243; _builder_version=&#8220;4.10.2&#8243; _module_preset=&#8220;default&#8220; global_colors_info=&#8220;{}&#8220;][et_pb_text _builder_version=&#8220;4.10.2&#8243; _module_preset=&#8220;default&#8220; background_color=&#8220;#a0a0a0&#8243; custom_padding=&#8220;12px||2px||false|false&#8220; global_colors_info=&#8220;{}&#8220;]<\/p>\n<h2 style=\"text-align: center;\"><span style=\"color: #000000;\"><strong>HOTLINE<\/strong><\/span><\/h2>\n<h2 style=\"text-align: center;\"><span style=\"color: #000000;\"><strong>604 258 776<\/strong><\/span><\/h2>\n<p>[\/et_pb_text][\/et_pb_column][\/et_pb_row][\/et_pb_section]<\/p>\n","protected":false},"excerpt":{"rendered":"<p>Kontaktn\u00ed \u00fadajeSOT AGENCY s.r.o. Lannova 2061\/8 110 00 Praha 1 Koresponden\u010dn\u00ed adresa: Leskkovick\u00e1 3178 390 01 T\u00e1bor I\u010cO: 06527744 DI\u010c: CZ06527744 Firma je vedena u M\u011bstsk\u00e9ho soudu v Praze pod zna\u010dkou C 283674Kontaktn\u00ed formul\u00e1\u0159Veden\u00ed spole\u010dnostiMgr. Ren\u00e9 \u010cechura Jednatel spole\u010dnosti E-mail: r.cechura@sot-cz.czMgr. Ale\u0161 Karban Bezpe\u010dnostn\u00ed mana\u017eer E-mail: a.karban@sot-cz.czRen\u00e9 \u010cechura Mana\u017eer pro Jiho\u010desk\u00fd kraj E-mail: cechura@sot-cz.czBc. Jana [&hellip;]<\/p>\n","protected":false},"author":1,"featured_media":0,"parent":0,"menu_order":0,"comment_status":"closed","ping_status":"closed","template":"","meta":{"_et_pb_use_builder":"on","_et_pb_old_content":"","_et_gb_content_width":"","footnotes":""},"class_list":["post-53","page","type-page","status-publish","hentry"],"yoast_head":"<!-- This site is optimized with the Yoast SEO plugin v20.7 - https:\/\/yoast.com\/wordpress\/plugins\/seo\/ -->\n<title>Kontakt - SOT AGENCY<\/title>\n<meta name=\"robots\" content=\"index, follow, max-snippet:-1, max-image-preview:large, max-video-preview:-1\" \/>\n<link rel=\"canonical\" href=\"https:\/\/sot-agency.cz\/?page_id=53\" \/>\n<meta property=\"og:locale\" content=\"cs_CZ\" \/>\n<meta property=\"og:type\" content=\"article\" \/>\n<meta property=\"og:title\" content=\"Kontakt - SOT AGENCY\" \/>\n<meta property=\"og:description\" content=\"Kontaktn\u00ed \u00fadajeSOT AGENCY s.r.o. Lannova 2061\/8 110 00 Praha 1 Koresponden\u010dn\u00ed adresa: Leskkovick\u00e1 3178 390 01 T\u00e1bor I\u010cO: 06527744 DI\u010c: CZ06527744 Firma je vedena u M\u011bstsk\u00e9ho soudu v Praze pod zna\u010dkou C 283674Kontaktn\u00ed formul\u00e1\u0159Veden\u00ed spole\u010dnostiMgr. Ren\u00e9 \u010cechura Jednatel spole\u010dnosti E-mail: r.cechura@sot-cz.czMgr. Ale\u0161 Karban Bezpe\u010dnostn\u00ed mana\u017eer E-mail: a.karban@sot-cz.czRen\u00e9 \u010cechura Mana\u017eer pro Jiho\u010desk\u00fd kraj E-mail: cechura@sot-cz.czBc. Jana [&hellip;]\" \/>\n<meta property=\"og:url\" content=\"https:\/\/sot-agency.cz\/?page_id=53\" \/>\n<meta property=\"og:site_name\" content=\"SOT AGENCY\" \/>\n<meta property=\"article:publisher\" content=\"https:\/\/www.facebook.com\/profile.php?id=100090887411131\" \/>\n<meta property=\"article:modified_time\" content=\"2025-06-09T09:40:34+00:00\" \/>\n<meta property=\"og:image\" content=\"https:\/\/sot-agency.cz\/wp-content\/uploads\/2023\/05\/cctv-security-online-camera-with-house-plan-1-scaled.jpg\" \/>\n\t<meta property=\"og:image:width\" content=\"2560\" \/>\n\t<meta property=\"og:image:height\" content=\"1708\" \/>\n\t<meta property=\"og:image:type\" content=\"image\/jpeg\" \/>\n<meta name=\"twitter:card\" content=\"summary_large_image\" \/>\n<meta name=\"twitter:label1\" content=\"Odhadovan\u00e1 doba \u010dten\u00ed\" \/>\n\t<meta name=\"twitter:data1\" content=\"2 minuty\" \/>\n<script type=\"application\/ld+json\" class=\"yoast-schema-graph\">{\"@context\":\"https:\/\/schema.org\",\"@graph\":[{\"@type\":\"WebPage\",\"@id\":\"https:\/\/sot-agency.cz\/?page_id=53\",\"url\":\"https:\/\/sot-agency.cz\/?page_id=53\",\"name\":\"Kontakt - SOT AGENCY\",\"isPartOf\":{\"@id\":\"https:\/\/sot-agency.cz\/#website\"},\"datePublished\":\"2023-05-06T16:26:16+00:00\",\"dateModified\":\"2025-06-09T09:40:34+00:00\",\"breadcrumb\":{\"@id\":\"https:\/\/sot-agency.cz\/?page_id=53#breadcrumb\"},\"inLanguage\":\"cs\",\"potentialAction\":[{\"@type\":\"ReadAction\",\"target\":[\"https:\/\/sot-agency.cz\/?page_id=53\"]}]},{\"@type\":\"BreadcrumbList\",\"@id\":\"https:\/\/sot-agency.cz\/?page_id=53#breadcrumb\",\"itemListElement\":[{\"@type\":\"ListItem\",\"position\":1,\"name\":\"Dom\u016f\",\"item\":\"https:\/\/sot-agency.cz\/\"},{\"@type\":\"ListItem\",\"position\":2,\"name\":\"Kontakt\"}]},{\"@type\":\"WebSite\",\"@id\":\"https:\/\/sot-agency.cz\/#website\",\"url\":\"https:\/\/sot-agency.cz\/\",\"name\":\"SOT AGENCY\",\"description\":\"bezpe\u010dnostn\u00ed agentura\",\"publisher\":{\"@id\":\"https:\/\/sot-agency.cz\/#organization\"},\"potentialAction\":[{\"@type\":\"SearchAction\",\"target\":{\"@type\":\"EntryPoint\",\"urlTemplate\":\"https:\/\/sot-agency.cz\/?s={search_term_string}\"},\"query-input\":\"required name=search_term_string\"}],\"inLanguage\":\"cs\"},{\"@type\":\"Organization\",\"@id\":\"https:\/\/sot-agency.cz\/#organization\",\"name\":\"SOT AGENCY s.r.o.\",\"url\":\"https:\/\/sot-agency.cz\/\",\"logo\":{\"@type\":\"ImageObject\",\"inLanguage\":\"cs\",\"@id\":\"https:\/\/sot-agency.cz\/#\/schema\/logo\/image\/\",\"url\":\"https:\/\/sot-agency.cz\/wp-content\/uploads\/2023\/05\/cropped-LOGO-SOT-SECURITY_cernobile_plasticke.png\",\"contentUrl\":\"https:\/\/sot-agency.cz\/wp-content\/uploads\/2023\/05\/cropped-LOGO-SOT-SECURITY_cernobile_plasticke.png\",\"width\":512,\"height\":512,\"caption\":\"SOT AGENCY s.r.o.\"},\"image\":{\"@id\":\"https:\/\/sot-agency.cz\/#\/schema\/logo\/image\/\"},\"sameAs\":[\"https:\/\/www.facebook.com\/profile.php?id=100090887411131\"]}]}<\/script>\n<!-- \/ Yoast SEO plugin. -->","yoast_head_json":{"title":"Kontakt - SOT AGENCY","robots":{"index":"index","follow":"follow","max-snippet":"max-snippet:-1","max-image-preview":"max-image-preview:large","max-video-preview":"max-video-preview:-1"},"canonical":"https:\/\/sot-agency.cz\/?page_id=53","og_locale":"cs_CZ","og_type":"article","og_title":"Kontakt - SOT AGENCY","og_description":"Kontaktn\u00ed \u00fadajeSOT AGENCY s.r.o. Lannova 2061\/8 110 00 Praha 1 Koresponden\u010dn\u00ed adresa: Leskkovick\u00e1 3178 390 01 T\u00e1bor I\u010cO: 06527744 DI\u010c: CZ06527744 Firma je vedena u M\u011bstsk\u00e9ho soudu v Praze pod zna\u010dkou C 283674Kontaktn\u00ed formul\u00e1\u0159Veden\u00ed spole\u010dnostiMgr. Ren\u00e9 \u010cechura Jednatel spole\u010dnosti E-mail: r.cechura@sot-cz.czMgr. Ale\u0161 Karban Bezpe\u010dnostn\u00ed mana\u017eer E-mail: a.karban@sot-cz.czRen\u00e9 \u010cechura Mana\u017eer pro Jiho\u010desk\u00fd kraj E-mail: cechura@sot-cz.czBc. Jana [&hellip;]","og_url":"https:\/\/sot-agency.cz\/?page_id=53","og_site_name":"SOT AGENCY","article_publisher":"https:\/\/www.facebook.com\/profile.php?id=100090887411131","article_modified_time":"2025-06-09T09:40:34+00:00","og_image":[{"width":2560,"height":1708,"url":"https:\/\/sot-agency.cz\/wp-content\/uploads\/2023\/05\/cctv-security-online-camera-with-house-plan-1-scaled.jpg","type":"image\/jpeg"}],"twitter_card":"summary_large_image","twitter_misc":{"Odhadovan\u00e1 doba \u010dten\u00ed":"2 minuty"},"schema":{"@context":"https:\/\/schema.org","@graph":[{"@type":"WebPage","@id":"https:\/\/sot-agency.cz\/?page_id=53","url":"https:\/\/sot-agency.cz\/?page_id=53","name":"Kontakt - SOT AGENCY","isPartOf":{"@id":"https:\/\/sot-agency.cz\/#website"},"datePublished":"2023-05-06T16:26:16+00:00","dateModified":"2025-06-09T09:40:34+00:00","breadcrumb":{"@id":"https:\/\/sot-agency.cz\/?page_id=53#breadcrumb"},"inLanguage":"cs","potentialAction":[{"@type":"ReadAction","target":["https:\/\/sot-agency.cz\/?page_id=53"]}]},{"@type":"BreadcrumbList","@id":"https:\/\/sot-agency.cz\/?page_id=53#breadcrumb","itemListElement":[{"@type":"ListItem","position":1,"name":"Dom\u016f","item":"https:\/\/sot-agency.cz\/"},{"@type":"ListItem","position":2,"name":"Kontakt"}]},{"@type":"WebSite","@id":"https:\/\/sot-agency.cz\/#website","url":"https:\/\/sot-agency.cz\/","name":"SOT AGENCY","description":"bezpe\u010dnostn\u00ed agentura","publisher":{"@id":"https:\/\/sot-agency.cz\/#organization"},"potentialAction":[{"@type":"SearchAction","target":{"@type":"EntryPoint","urlTemplate":"https:\/\/sot-agency.cz\/?s={search_term_string}"},"query-input":"required name=search_term_string"}],"inLanguage":"cs"},{"@type":"Organization","@id":"https:\/\/sot-agency.cz\/#organization","name":"SOT AGENCY s.r.o.","url":"https:\/\/sot-agency.cz\/","logo":{"@type":"ImageObject","inLanguage":"cs","@id":"https:\/\/sot-agency.cz\/#\/schema\/logo\/image\/","url":"https:\/\/sot-agency.cz\/wp-content\/uploads\/2023\/05\/cropped-LOGO-SOT-SECURITY_cernobile_plasticke.png","contentUrl":"https:\/\/sot-agency.cz\/wp-content\/uploads\/2023\/05\/cropped-LOGO-SOT-SECURITY_cernobile_plasticke.png","width":512,"height":512,"caption":"SOT AGENCY s.r.o."},"image":{"@id":"https:\/\/sot-agency.cz\/#\/schema\/logo\/image\/"},"sameAs":["https:\/\/www.facebook.com\/profile.php?id=100090887411131"]}]}},"_links":{"self":[{"href":"https:\/\/sot-agency.cz\/index.php?rest_route=\/wp\/v2\/pages\/53","targetHints":{"allow":["GET"]}}],"collection":[{"href":"https:\/\/sot-agency.cz\/index.php?rest_route=\/wp\/v2\/pages"}],"about":[{"href":"https:\/\/sot-agency.cz\/index.php?rest_route=\/wp\/v2\/types\/page"}],"author":[{"embeddable":true,"href":"https:\/\/sot-agency.cz\/index.php?rest_route=\/wp\/v2\/users\/1"}],"replies":[{"embeddable":true,"href":"https:\/\/sot-agency.cz\/index.php?rest_route=%2Fwp%2Fv2%2Fcomments&post=53"}],"version-history":[{"count":14,"href":"https:\/\/sot-agency.cz\/index.php?rest_route=\/wp\/v2\/pages\/53\/revisions"}],"predecessor-version":[{"id":212,"href":"https:\/\/sot-agency.cz\/index.php?rest_route=\/wp\/v2\/pages\/53\/revisions\/212"}],"wp:attachment":[{"href":"https:\/\/sot-agency.cz\/index.php?rest_route=%2Fwp%2Fv2%2Fmedia&parent=53"}],"curies":[{"name":"wp","href":"https:\/\/api.w.org\/{rel}","templated":true}]}}